{"id":162,"date":"2023-09-05T23:50:41","date_gmt":"2023-09-05T23:50:41","guid":{"rendered":"https:\/\/wipweb.work\/novandi23\/?page_id=162"},"modified":"2026-03-18T17:55:49","modified_gmt":"2026-03-18T17:55:49","slug":"complementos","status":"publish","type":"page","link":"https:\/\/gruponovandi.com\/ar\/complementos\/","title":{"rendered":"Complementos"},"content":{"rendered":"\t\t<div data-elementor-type=\"wp-page\" data-elementor-id=\"162\" class=\"elementor elementor-162\" data-elementor-post-type=\"page\">\n\t\t\t\t\t\t\t\t\t<section class=\"elementor-section elementor-top-section elementor-element elementor-element-eb413da elementor-section-boxed elementor-section-height-default elementor-section-height-default\" data-id=\"eb413da\" data-element_type=\"section\">\n\t\t\t\t\t\t<div class=\"elementor-container elementor-column-gap-default\">\n\t\t\t\t\t<div class=\"elementor-column elementor-col-100 elementor-top-column elementor-element elementor-element-1ea9a72\" data-id=\"1ea9a72\" data-element_type=\"column\">\n\t\t\t<div class=\"elementor-widget-wrap elementor-element-populated\">\n\t\t\t\t\t\t\t\t<div class=\"elementor-element elementor-element-6534932 elementor-widget elementor-widget-heading\" data-id=\"6534932\" data-element_type=\"widget\" data-widget_type=\"heading.default\">\n\t\t\t\t<div class=\"elementor-widget-container\">\n\t\t\t<style>\/*! elementor - v3.15.0 - 20-08-2023 *\/\n.elementor-heading-title{padding:0;margin:0;line-height:1}.elementor-widget-heading .elementor-heading-title[class*=elementor-size-]>a{color:inherit;font-size:inherit;line-height:inherit}.elementor-widget-heading .elementor-heading-title.elementor-size-small{font-size:15px}.elementor-widget-heading .elementor-heading-title.elementor-size-medium{font-size:19px}.elementor-widget-heading .elementor-heading-title.elementor-size-large{font-size:29px}.elementor-widget-heading .elementor-heading-title.elementor-size-xl{font-size:39px}.elementor-widget-heading .elementor-heading-title.elementor-size-xxl{font-size:59px}<\/style><h1 class=\"elementor-heading-title elementor-size-default\"><span style=\"color:#000\">Complementos<\/span><\/h1>\t\t<\/div>\n\t\t\t\t<\/div>\n\t\t\t\t<div class=\"elementor-element elementor-element-4ccd21a elementor-widget elementor-widget-heading\" data-id=\"4ccd21a\" data-element_type=\"widget\" data-widget_type=\"heading.default\">\n\t\t\t\t<div class=\"elementor-widget-container\">\n\t\t\t<h2 class=\"elementor-heading-title elementor-size-default\">Dale mayor autoridad a tus acuerdos.<\/h2>\t\t<\/div>\n\t\t\t\t<\/div>\n\t\t\t\t\t<\/div>\n\t\t<\/div>\n\t\t\t\t\t\t\t<\/div>\n\t\t<\/section>\n\t\t\t\t<section class=\"elementor-section elementor-top-section elementor-element elementor-element-e118f95 elementor-section-boxed elementor-section-height-default elementor-section-height-default\" data-id=\"e118f95\" data-element_type=\"section\">\n\t\t\t\t\t\t<div class=\"elementor-container elementor-column-gap-default\">\n\t\t\t\t\t<div class=\"elementor-column elementor-col-33 elementor-top-column elementor-element elementor-element-d6bebfc elementor-hidden-mobile\" data-id=\"d6bebfc\" data-element_type=\"column\">\n\t\t\t<div class=\"elementor-widget-wrap\">\n\t\t\t\t\t\t\t\t\t<\/div>\n\t\t<\/div>\n\t\t\t\t<div class=\"elementor-column elementor-col-33 elementor-top-column elementor-element elementor-element-c794ea1\" data-id=\"c794ea1\" data-element_type=\"column\">\n\t\t\t<div class=\"elementor-widget-wrap elementor-element-populated\">\n\t\t\t\t\t\t\t\t<div class=\"elementor-element elementor-element-989e2da elementor-widget elementor-widget-text-editor\" data-id=\"989e2da\" data-element_type=\"widget\" data-widget_type=\"text-editor.default\">\n\t\t\t\t<div class=\"elementor-widget-container\">\n\t\t\t<style>\/*! elementor - v3.15.0 - 20-08-2023 *\/\n.elementor-widget-text-editor.elementor-drop-cap-view-stacked .elementor-drop-cap{background-color:#69727d;color:#fff}.elementor-widget-text-editor.elementor-drop-cap-view-framed .elementor-drop-cap{color:#69727d;border:3px solid;background-color:transparent}.elementor-widget-text-editor:not(.elementor-drop-cap-view-default) .elementor-drop-cap{margin-top:8px}.elementor-widget-text-editor:not(.elementor-drop-cap-view-default) .elementor-drop-cap-letter{width:1em;height:1em}.elementor-widget-text-editor .elementor-drop-cap{float:left;text-align:center;line-height:1;font-size:50px}.elementor-widget-text-editor .elementor-drop-cap-letter{display:inline-block}<\/style>\t\t\t\t<p>Novandi te brinda una amplia gama de <strong>opciones en seguridad, legalidad y conocimiento<\/strong> para potenciar la productividad de tu firma electr\u00f3nica.<\/p>\t\t\t\t\t\t<\/div>\n\t\t\t\t<\/div>\n\t\t\t\t\t<\/div>\n\t\t<\/div>\n\t\t\t\t<div class=\"elementor-column elementor-col-33 elementor-top-column elementor-element elementor-element-0ca3513 elementor-hidden-mobile\" data-id=\"0ca3513\" data-element_type=\"column\">\n\t\t\t<div class=\"elementor-widget-wrap\">\n\t\t\t\t\t\t\t\t\t<\/div>\n\t\t<\/div>\n\t\t\t\t\t\t\t<\/div>\n\t\t<\/section>\n\t\t\t\t<section class=\"elementor-section elementor-top-section elementor-element elementor-element-98da163 elementor-section-boxed elementor-section-height-default elementor-section-height-default\" data-id=\"98da163\" data-element_type=\"section\">\n\t\t\t\t\t\t<div class=\"elementor-container elementor-column-gap-no\">\n\t\t\t\t\t<div class=\"elementor-column elementor-col-50 elementor-top-column elementor-element elementor-element-a44588f\" data-id=\"a44588f\" data-element_type=\"column\" data-settings=\"{&quot;background_background&quot;:&quot;classic&quot;}\">\n\t\t\t<div class=\"elementor-widget-wrap elementor-element-populated\">\n\t\t\t\t\t<div class=\"elementor-background-overlay\"><\/div>\n\t\t\t\t\t\t\t\t<div class=\"elementor-element elementor-element-811be57 elementor-widget elementor-widget-heading\" data-id=\"811be57\" data-element_type=\"widget\" data-widget_type=\"heading.default\">\n\t\t\t\t<div class=\"elementor-widget-container\">\n\t\t\t<h2 class=\"elementor-heading-title elementor-size-default\">Validaci\u00f3n de identidad<\/h2>\t\t<\/div>\n\t\t\t\t<\/div>\n\t\t\t\t<div class=\"elementor-element elementor-element-d4eb29e elementor-widget elementor-widget-text-editor\" data-id=\"d4eb29e\" data-element_type=\"widget\" data-widget_type=\"text-editor.default\">\n\t\t\t\t<div class=\"elementor-widget-container\">\n\t\t\t\t\t\t\tVerificamos la identidad de la persona encargada de firmar el acuerdo para garantizar su autenticidad, reduciendo cualquier tipo de manipulaci\u00f3n o fraude.\t\t\t\t\t\t<\/div>\n\t\t\t\t<\/div>\n\t\t\t\t<div class=\"elementor-element elementor-element-de98251 elementor-align-center elementor-widget elementor-widget-button\" data-id=\"de98251\" data-element_type=\"widget\" data-widget_type=\"button.default\">\n\t\t\t\t<div class=\"elementor-widget-container\">\n\t\t\t\t\t<div class=\"elementor-button-wrapper\">\n\t\t\t<a class=\"elementor-button elementor-button-link elementor-size-sm\" href=\"https:\/\/gruponovandi.com\/ar\/complementos\/validacion-de-identidad\/\">\n\t\t\t\t\t\t<span class=\"elementor-button-content-wrapper\">\n\t\t\t\t\t\t<span class=\"elementor-button-text\">Ver soluci\u00f3n<\/span>\n\t\t<\/span>\n\t\t\t\t\t<\/a>\n\t\t<\/div>\n\t\t\t\t<\/div>\n\t\t\t\t<\/div>\n\t\t\t\t\t<\/div>\n\t\t<\/div>\n\t\t\t\t<div class=\"elementor-column elementor-col-50 elementor-top-column elementor-element elementor-element-05a7261\" data-id=\"05a7261\" data-element_type=\"column\" data-settings=\"{&quot;background_background&quot;:&quot;classic&quot;}\">\n\t\t\t<div class=\"elementor-widget-wrap elementor-element-populated\">\n\t\t\t\t\t<div class=\"elementor-background-overlay\"><\/div>\n\t\t\t\t\t\t\t\t<div class=\"elementor-element elementor-element-5618c31 elementor-widget elementor-widget-heading\" data-id=\"5618c31\" data-element_type=\"widget\" data-widget_type=\"heading.default\">\n\t\t\t\t<div class=\"elementor-widget-container\">\n\t\t\t<h2 class=\"elementor-heading-title elementor-size-default\">Servicios<\/h2>\t\t<\/div>\n\t\t\t\t<\/div>\n\t\t\t\t<div class=\"elementor-element elementor-element-c1de252 elementor-widget elementor-widget-text-editor\" data-id=\"c1de252\" data-element_type=\"widget\" data-widget_type=\"text-editor.default\">\n\t\t\t\t<div class=\"elementor-widget-container\">\n\t\t\t\t\t\t\t<p>Nos encargamos de implementar, configurar, capacitar y dejar listo tu servicio Docusign, adapt\u00e1ndolo a las necesidades espec\u00edficas de tu operaci\u00f3n.<\/p>\t\t\t\t\t\t<\/div>\n\t\t\t\t<\/div>\n\t\t\t\t<div class=\"elementor-element elementor-element-b5b4d64 elementor-align-center elementor-widget elementor-widget-button\" data-id=\"b5b4d64\" data-element_type=\"widget\" data-widget_type=\"button.default\">\n\t\t\t\t<div class=\"elementor-widget-container\">\n\t\t\t\t\t<div class=\"elementor-button-wrapper\">\n\t\t\t<a class=\"elementor-button elementor-button-link elementor-size-sm\" href=\"https:\/\/gruponovandi.com\/ar\/complementos\/servicios\/\">\n\t\t\t\t\t\t<span class=\"elementor-button-content-wrapper\">\n\t\t\t\t\t\t<span class=\"elementor-button-text\">Ver soluci\u00f3n<\/span>\n\t\t<\/span>\n\t\t\t\t\t<\/a>\n\t\t<\/div>\n\t\t\t\t<\/div>\n\t\t\t\t<\/div>\n\t\t\t\t\t<\/div>\n\t\t<\/div>\n\t\t\t\t\t\t\t<\/div>\n\t\t<\/section>\n\t\t\t\t<section class=\"elementor-section elementor-top-section elementor-element elementor-element-1a89b11 elementor-section-boxed elementor-section-height-default elementor-section-height-default\" data-id=\"1a89b11\" data-element_type=\"section\" data-settings=\"{&quot;background_background&quot;:&quot;classic&quot;}\">\n\t\t\t\t\t\t<div class=\"elementor-container elementor-column-gap-no\">\n\t\t\t\t\t<div class=\"elementor-column elementor-col-50 elementor-top-column elementor-element elementor-element-e944227\" data-id=\"e944227\" data-element_type=\"column\" data-settings=\"{&quot;background_background&quot;:&quot;classic&quot;}\">\n\t\t\t<div class=\"elementor-widget-wrap elementor-element-populated\">\n\t\t\t\t\t<div class=\"elementor-background-overlay\"><\/div>\n\t\t\t\t\t\t\t\t<div class=\"elementor-element elementor-element-7572d50 elementor-widget elementor-widget-heading\" data-id=\"7572d50\" data-element_type=\"widget\" data-widget_type=\"heading.default\">\n\t\t\t\t<div class=\"elementor-widget-container\">\n\t\t\t<h2 class=\"elementor-heading-title elementor-size-default\">Capacitaci\u00f3n<\/h2>\t\t<\/div>\n\t\t\t\t<\/div>\n\t\t\t\t<div class=\"elementor-element elementor-element-46aa85b elementor-widget elementor-widget-text-editor\" data-id=\"46aa85b\" data-element_type=\"widget\" data-widget_type=\"text-editor.default\">\n\t\t\t\t<div class=\"elementor-widget-container\">\n\t\t\t\t\t\t\t<p>Ponemos a tu disposici\u00f3n una selecci\u00f3n de cursos en l\u00ednea, dise\u00f1ados para que Usuarios Finales y Administradores dominen el uso de Docusign de forma experta.<\/p>\t\t\t\t\t\t<\/div>\n\t\t\t\t<\/div>\n\t\t\t\t<div class=\"elementor-element elementor-element-ccff8bf elementor-align-center elementor-widget elementor-widget-button\" data-id=\"ccff8bf\" data-element_type=\"widget\" data-widget_type=\"button.default\">\n\t\t\t\t<div class=\"elementor-widget-container\">\n\t\t\t\t\t<div class=\"elementor-button-wrapper\">\n\t\t\t<a class=\"elementor-button elementor-button-link elementor-size-sm\" href=\"https:\/\/gruponovandi.com\/ar\/complementos\/capacitacion\/\">\n\t\t\t\t\t\t<span class=\"elementor-button-content-wrapper\">\n\t\t\t\t\t\t<span class=\"elementor-button-text\">Ver cursos<\/span>\n\t\t<\/span>\n\t\t\t\t\t<\/a>\n\t\t<\/div>\n\t\t\t\t<\/div>\n\t\t\t\t<\/div>\n\t\t\t\t\t<\/div>\n\t\t<\/div>\n\t\t\t\t<div class=\"elementor-column elementor-col-50 elementor-top-column elementor-element elementor-element-fa7ad0e\" data-id=\"fa7ad0e\" data-element_type=\"column\" data-settings=\"{&quot;background_background&quot;:&quot;classic&quot;}\">\n\t\t\t<div class=\"elementor-widget-wrap elementor-element-populated\">\n\t\t\t\t\t<div class=\"elementor-background-overlay\"><\/div>\n\t\t\t\t\t\t\t\t<div class=\"elementor-element elementor-element-c8cbdbf elementor-widget elementor-widget-heading\" data-id=\"c8cbdbf\" data-element_type=\"widget\" data-widget_type=\"heading.default\">\n\t\t\t\t<div class=\"elementor-widget-container\">\n\t\t\t<h2 class=\"elementor-heading-title elementor-size-default\">Multi-Channel Delivery<\/h2>\t\t<\/div>\n\t\t\t\t<\/div>\n\t\t\t\t<div class=\"elementor-element elementor-element-6f7d74b elementor-widget elementor-widget-text-editor\" data-id=\"6f7d74b\" data-element_type=\"widget\" data-widget_type=\"text-editor.default\">\n\t\t\t\t<div class=\"elementor-widget-container\">\n\t\t\t\t\t\t\t<p><!--StartFragment --><\/p><p><!--StartFragment --><\/p><p>Agiliza tus tr\u00e1mites clave con entregas por WhatsApp &amp; SMS, conectadas a tu proceso de firma electr\u00f3nica para una gesti\u00f3n m\u00e1s r\u00e1pida y funcional.<\/p>\t\t\t\t\t\t<\/div>\n\t\t\t\t<\/div>\n\t\t\t\t<div class=\"elementor-element elementor-element-f2e88ea elementor-align-center elementor-widget elementor-widget-button\" data-id=\"f2e88ea\" data-element_type=\"widget\" data-widget_type=\"button.default\">\n\t\t\t\t<div class=\"elementor-widget-container\">\n\t\t\t\t\t<div class=\"elementor-button-wrapper\">\n\t\t\t<a class=\"elementor-button elementor-button-link elementor-size-sm\" href=\"https:\/\/gruponovandi.com\/ar\/complementos\/multi-channel-delivery\/\">\n\t\t\t\t\t\t<span class=\"elementor-button-content-wrapper\">\n\t\t\t\t\t\t<span class=\"elementor-button-text\">Ver soluci\u00f3n<\/span>\n\t\t<\/span>\n\t\t\t\t\t<\/a>\n\t\t<\/div>\n\t\t\t\t<\/div>\n\t\t\t\t<\/div>\n\t\t\t\t\t<\/div>\n\t\t<\/div>\n\t\t\t\t\t\t\t<\/div>\n\t\t<\/section>\n\t\t\t\t\t\t\t<\/div>\n\t\t","protected":false},"excerpt":{"rendered":"<p>Complementos Dale mayor autoridad a tus acuerdos. Novandi te brinda una amplia gama de opciones en seguridad, legalidad y conocimiento para potenciar la productividad de tu firma electr\u00f3nica. Validaci\u00f3n de identidad Verificamos la identidad de la persona encargada de firmar el acuerdo para garantizar su autenticidad, reduciendo cualquier tipo de manipulaci\u00f3n o fraude. Ver soluci\u00f3n [&hellip;]<\/p>\n","protected":false},"author":1,"featured_media":0,"parent":0,"menu_order":0,"comment_status":"closed","ping_status":"closed","template":"","meta":{"_acf_changed":false,"footnotes":""},"acf":[],"yoast_head":"<!-- This site is optimized with the Yoast SEO plugin v22.6 - https:\/\/yoast.com\/wordpress\/plugins\/seo\/ -->\n<title>Complementos - Novandi<\/title>\n<meta name=\"robots\" content=\"index, follow, max-snippet:-1, max-image-preview:large, max-video-preview:-1\" \/>\n<link rel=\"canonical\" href=\"https:\/\/gruponovandi.com\/ar\/complementos\/\" \/>\n<meta property=\"og:locale\" content=\"es_MX\" \/>\n<meta property=\"og:type\" content=\"article\" \/>\n<meta property=\"og:title\" content=\"Complementos - Novandi\" \/>\n<meta property=\"og:description\" content=\"Complementos Dale mayor autoridad a tus acuerdos. Novandi te brinda una amplia gama de opciones en seguridad, legalidad y conocimiento para potenciar la productividad de tu firma electr\u00f3nica. Validaci\u00f3n de identidad Verificamos la identidad de la persona encargada de firmar el acuerdo para garantizar su autenticidad, reduciendo cualquier tipo de manipulaci\u00f3n o fraude. Ver soluci\u00f3n [&hellip;]\" \/>\n<meta property=\"og:url\" content=\"https:\/\/gruponovandi.com\/ar\/complementos\/\" \/>\n<meta property=\"og:site_name\" content=\"Novandi\" \/>\n<meta property=\"article:modified_time\" content=\"2026-03-18T17:55:49+00:00\" \/>\n<meta name=\"twitter:card\" content=\"summary_large_image\" \/>\n<meta name=\"twitter:label1\" content=\"Tiempo de lectura\" \/>\n\t<meta name=\"twitter:data1\" content=\"1 minuto\" \/>\n<script type=\"application\/ld+json\" class=\"yoast-schema-graph\">{\"@context\":\"https:\/\/schema.org\",\"@graph\":[{\"@type\":\"WebPage\",\"@id\":\"https:\/\/gruponovandi.com\/ar\/complementos\/\",\"url\":\"https:\/\/gruponovandi.com\/ar\/complementos\/\",\"name\":\"Complementos - Novandi\",\"isPartOf\":{\"@id\":\"https:\/\/gruponovandi.com\/ar\/#website\"},\"datePublished\":\"2023-09-05T23:50:41+00:00\",\"dateModified\":\"2026-03-18T17:55:49+00:00\",\"breadcrumb\":{\"@id\":\"https:\/\/gruponovandi.com\/ar\/complementos\/#breadcrumb\"},\"inLanguage\":\"es-MX\",\"potentialAction\":[{\"@type\":\"ReadAction\",\"target\":[\"https:\/\/gruponovandi.com\/ar\/complementos\/\"]}]},{\"@type\":\"BreadcrumbList\",\"@id\":\"https:\/\/gruponovandi.com\/ar\/complementos\/#breadcrumb\",\"itemListElement\":[{\"@type\":\"ListItem\",\"position\":1,\"name\":\"Inicio\",\"item\":\"https:\/\/gruponovandi.com\/ar\/\"},{\"@type\":\"ListItem\",\"position\":2,\"name\":\"Complementos\"}]},{\"@type\":\"WebSite\",\"@id\":\"https:\/\/gruponovandi.com\/ar\/#website\",\"url\":\"https:\/\/gruponovandi.com\/ar\/\",\"name\":\"Grupo Novandi\",\"description\":\"Grandes soluciones tecnol\u00f3gicas para la transformaci\u00f3n digital.\",\"publisher\":{\"@id\":\"https:\/\/gruponovandi.com\/ar\/#organization\"},\"potentialAction\":[{\"@type\":\"SearchAction\",\"target\":{\"@type\":\"EntryPoint\",\"urlTemplate\":\"https:\/\/gruponovandi.com\/ar\/?s={search_term_string}\"},\"query-input\":\"required name=search_term_string\"}],\"inLanguage\":\"es-MX\"},{\"@type\":\"Organization\",\"@id\":\"https:\/\/gruponovandi.com\/ar\/#organization\",\"name\":\"Novandi\",\"alternateName\":\"Novandi\",\"url\":\"https:\/\/gruponovandi.com\/ar\/\",\"logo\":{\"@type\":\"ImageObject\",\"inLanguage\":\"es-MX\",\"@id\":\"https:\/\/gruponovandi.com\/ar\/#\/schema\/logo\/image\/\",\"url\":\"https:\/\/gruponovandi.com\/ar\/wp-content\/uploads\/2023\/09\/novandi-logo.png\",\"contentUrl\":\"https:\/\/gruponovandi.com\/ar\/wp-content\/uploads\/2023\/09\/novandi-logo.png\",\"width\":500,\"height\":190,\"caption\":\"Novandi\"},\"image\":{\"@id\":\"https:\/\/gruponovandi.com\/ar\/#\/schema\/logo\/image\/\"}}]}<\/script>\n<!-- \/ Yoast SEO plugin. -->","yoast_head_json":{"title":"Complementos - Novandi","robots":{"index":"index","follow":"follow","max-snippet":"max-snippet:-1","max-image-preview":"max-image-preview:large","max-video-preview":"max-video-preview:-1"},"canonical":"https:\/\/gruponovandi.com\/ar\/complementos\/","og_locale":"es_MX","og_type":"article","og_title":"Complementos - Novandi","og_description":"Complementos Dale mayor autoridad a tus acuerdos. Novandi te brinda una amplia gama de opciones en seguridad, legalidad y conocimiento para potenciar la productividad de tu firma electr\u00f3nica. Validaci\u00f3n de identidad Verificamos la identidad de la persona encargada de firmar el acuerdo para garantizar su autenticidad, reduciendo cualquier tipo de manipulaci\u00f3n o fraude. Ver soluci\u00f3n [&hellip;]","og_url":"https:\/\/gruponovandi.com\/ar\/complementos\/","og_site_name":"Novandi","article_modified_time":"2026-03-18T17:55:49+00:00","twitter_card":"summary_large_image","twitter_misc":{"Tiempo de lectura":"1 minuto"},"schema":{"@context":"https:\/\/schema.org","@graph":[{"@type":"WebPage","@id":"https:\/\/gruponovandi.com\/ar\/complementos\/","url":"https:\/\/gruponovandi.com\/ar\/complementos\/","name":"Complementos - Novandi","isPartOf":{"@id":"https:\/\/gruponovandi.com\/ar\/#website"},"datePublished":"2023-09-05T23:50:41+00:00","dateModified":"2026-03-18T17:55:49+00:00","breadcrumb":{"@id":"https:\/\/gruponovandi.com\/ar\/complementos\/#breadcrumb"},"inLanguage":"es-MX","potentialAction":[{"@type":"ReadAction","target":["https:\/\/gruponovandi.com\/ar\/complementos\/"]}]},{"@type":"BreadcrumbList","@id":"https:\/\/gruponovandi.com\/ar\/complementos\/#breadcrumb","itemListElement":[{"@type":"ListItem","position":1,"name":"Inicio","item":"https:\/\/gruponovandi.com\/ar\/"},{"@type":"ListItem","position":2,"name":"Complementos"}]},{"@type":"WebSite","@id":"https:\/\/gruponovandi.com\/ar\/#website","url":"https:\/\/gruponovandi.com\/ar\/","name":"Grupo Novandi","description":"Grandes soluciones tecnol\u00f3gicas para la transformaci\u00f3n digital.","publisher":{"@id":"https:\/\/gruponovandi.com\/ar\/#organization"},"potentialAction":[{"@type":"SearchAction","target":{"@type":"EntryPoint","urlTemplate":"https:\/\/gruponovandi.com\/ar\/?s={search_term_string}"},"query-input":"required name=search_term_string"}],"inLanguage":"es-MX"},{"@type":"Organization","@id":"https:\/\/gruponovandi.com\/ar\/#organization","name":"Novandi","alternateName":"Novandi","url":"https:\/\/gruponovandi.com\/ar\/","logo":{"@type":"ImageObject","inLanguage":"es-MX","@id":"https:\/\/gruponovandi.com\/ar\/#\/schema\/logo\/image\/","url":"https:\/\/gruponovandi.com\/ar\/wp-content\/uploads\/2023\/09\/novandi-logo.png","contentUrl":"https:\/\/gruponovandi.com\/ar\/wp-content\/uploads\/2023\/09\/novandi-logo.png","width":500,"height":190,"caption":"Novandi"},"image":{"@id":"https:\/\/gruponovandi.com\/ar\/#\/schema\/logo\/image\/"}}]}},"_links":{"self":[{"href":"https:\/\/gruponovandi.com\/ar\/wp-json\/wp\/v2\/pages\/162"}],"collection":[{"href":"https:\/\/gruponovandi.com\/ar\/wp-json\/wp\/v2\/pages"}],"about":[{"href":"https:\/\/gruponovandi.com\/ar\/wp-json\/wp\/v2\/types\/page"}],"author":[{"embeddable":true,"href":"https:\/\/gruponovandi.com\/ar\/wp-json\/wp\/v2\/users\/1"}],"replies":[{"embeddable":true,"href":"https:\/\/gruponovandi.com\/ar\/wp-json\/wp\/v2\/comments?post=162"}],"version-history":[{"count":221,"href":"https:\/\/gruponovandi.com\/ar\/wp-json\/wp\/v2\/pages\/162\/revisions"}],"predecessor-version":[{"id":8731,"href":"https:\/\/gruponovandi.com\/ar\/wp-json\/wp\/v2\/pages\/162\/revisions\/8731"}],"wp:attachment":[{"href":"https:\/\/gruponovandi.com\/ar\/wp-json\/wp\/v2\/media?parent=162"}],"curies":[{"name":"wp","href":"https:\/\/api.w.org\/{rel}","templated":true}]}}