{"id":8869,"date":"2025-12-09T22:30:27","date_gmt":"2025-12-09T22:30:27","guid":{"rendered":"https:\/\/gruponovandi.com\/cl\/?page_id=8869"},"modified":"2025-12-09T22:31:20","modified_gmt":"2025-12-09T22:31:20","slug":"productos","status":"publish","type":"page","link":"https:\/\/gruponovandi.com\/cl\/productos\/","title":{"rendered":"Productos"},"content":{"rendered":"\t\t<div data-elementor-type=\"wp-page\" data-elementor-id=\"8869\" class=\"elementor elementor-8869\" data-elementor-post-type=\"page\">\n\t\t\t\t\t\t\t\t\t<section class=\"elementor-section elementor-top-section elementor-element elementor-element-4caeb61 elementor-section-full_width elementor-section-height-min-height elementor-section-items-stretch elementor-section-content-middle elementor-section-height-default\" data-id=\"4caeb61\" data-element_type=\"section\">\n\t\t\t\t\t\t<div class=\"elementor-container elementor-column-gap-no\">\n\t\t\t\t\t<div class=\"elementor-column elementor-col-33 elementor-top-column elementor-element elementor-element-6d5abd7\" data-id=\"6d5abd7\" data-element_type=\"column\" data-settings=\"{&quot;background_background&quot;:&quot;classic&quot;}\">\n\t\t\t<div class=\"elementor-widget-wrap elementor-element-populated\">\n\t\t\t\t\t<div class=\"elementor-background-overlay\"><\/div>\n\t\t\t\t\t\t\t\t<div class=\"elementor-element elementor-element-31a5b02 elementor-widget__width-initial elementor-widget elementor-widget-image\" data-id=\"31a5b02\" data-element_type=\"widget\" data-widget_type=\"image.default\">\n\t\t\t\t<div class=\"elementor-widget-container\">\n\t\t\t<style>\/*! elementor - v3.15.0 - 20-08-2023 *\/\n.elementor-widget-image{text-align:center}.elementor-widget-image a{display:inline-block}.elementor-widget-image a img[src$=\".svg\"]{width:48px}.elementor-widget-image img{vertical-align:middle;display:inline-block}<\/style>\t\t\t\t\t\t\t\t\t\t\t\t<img loading=\"lazy\" decoding=\"async\" width=\"800\" height=\"177\" src=\"https:\/\/gruponovandi.com\/cl\/wp-content\/uploads\/2025\/12\/logo-docusign-corto.png\" class=\"attachment-large size-large wp-image-8871\" alt=\"\" \/>\t\t\t\t\t\t\t\t\t\t\t\t\t\t\t<\/div>\n\t\t\t\t<\/div>\n\t\t\t\t<section class=\"elementor-section elementor-inner-section elementor-element elementor-element-3bd142c elementor-section-boxed elementor-section-height-default elementor-section-height-default\" data-id=\"3bd142c\" data-element_type=\"section\">\n\t\t\t\t\t\t<div class=\"elementor-container elementor-column-gap-default\">\n\t\t\t\t\t<div class=\"elementor-column elementor-col-100 elementor-inner-column elementor-element elementor-element-a4f4635\" data-id=\"a4f4635\" data-element_type=\"column\">\n\t\t\t<div class=\"elementor-widget-wrap elementor-element-populated\">\n\t\t\t\t\t\t\t\t<div class=\"elementor-element elementor-element-155ddd1 elementor-widget elementor-widget-heading\" data-id=\"155ddd1\" data-element_type=\"widget\" data-widget_type=\"heading.default\">\n\t\t\t\t<div class=\"elementor-widget-container\">\n\t\t\t<style>\/*! elementor - v3.15.0 - 20-08-2023 *\/\n.elementor-heading-title{padding:0;margin:0;line-height:1}.elementor-widget-heading .elementor-heading-title[class*=elementor-size-]>a{color:inherit;font-size:inherit;line-height:inherit}.elementor-widget-heading .elementor-heading-title.elementor-size-small{font-size:15px}.elementor-widget-heading .elementor-heading-title.elementor-size-medium{font-size:19px}.elementor-widget-heading .elementor-heading-title.elementor-size-large{font-size:29px}.elementor-widget-heading .elementor-heading-title.elementor-size-xl{font-size:39px}.elementor-widget-heading .elementor-heading-title.elementor-size-xxl{font-size:59px}<\/style><h2 class=\"elementor-heading-title elementor-size-default\">eSignature<\/h2>\t\t<\/div>\n\t\t\t\t<\/div>\n\t\t\t\t<div class=\"elementor-element elementor-element-fbe99c9 elementor-widget elementor-widget-text-editor\" data-id=\"fbe99c9\" data-element_type=\"widget\" data-widget_type=\"text-editor.default\">\n\t\t\t\t<div class=\"elementor-widget-container\">\n\t\t\t<style>\/*! elementor - v3.15.0 - 20-08-2023 *\/\n.elementor-widget-text-editor.elementor-drop-cap-view-stacked .elementor-drop-cap{background-color:#69727d;color:#fff}.elementor-widget-text-editor.elementor-drop-cap-view-framed .elementor-drop-cap{color:#69727d;border:3px solid;background-color:transparent}.elementor-widget-text-editor:not(.elementor-drop-cap-view-default) .elementor-drop-cap{margin-top:8px}.elementor-widget-text-editor:not(.elementor-drop-cap-view-default) .elementor-drop-cap-letter{width:1em;height:1em}.elementor-widget-text-editor .elementor-drop-cap{float:left;text-align:center;line-height:1;font-size:50px}.elementor-widget-text-editor .elementor-drop-cap-letter{display:inline-block}<\/style>\t\t\t\t<p>Soluci\u00f3n l\u00edder para firmar documentos electr\u00f3nicamente, con seguridad, rapidez y trazabilidad desde cualquier dispositivo, garantizando validez jur\u00eddica y experiencia intuitiva.<\/p>\t\t\t\t\t\t<\/div>\n\t\t\t\t<\/div>\n\t\t\t\t\t<\/div>\n\t\t<\/div>\n\t\t\t\t\t\t\t<\/div>\n\t\t<\/section>\n\t\t\t\t<div class=\"elementor-element elementor-element-5fddb56 elementor-align-center elementor-widget elementor-widget-button\" data-id=\"5fddb56\" data-element_type=\"widget\" data-widget_type=\"button.default\">\n\t\t\t\t<div class=\"elementor-widget-container\">\n\t\t\t\t\t<div class=\"elementor-button-wrapper\">\n\t\t\t<a class=\"elementor-button elementor-button-link elementor-size-sm\" href=\"https:\/\/gruponovandi.com\/cl\/intelligent-agreement-management\/docusign-esignature\/\">\n\t\t\t\t\t\t<span class=\"elementor-button-content-wrapper\">\n\t\t\t\t\t\t<span class=\"elementor-button-text\">VER SOLUCI\u00d3N<\/span>\n\t\t<\/span>\n\t\t\t\t\t<\/a>\n\t\t<\/div>\n\t\t\t\t<\/div>\n\t\t\t\t<\/div>\n\t\t\t\t\t<\/div>\n\t\t<\/div>\n\t\t\t\t<div class=\"elementor-column elementor-col-33 elementor-top-column elementor-element elementor-element-b9b20a3\" data-id=\"b9b20a3\" data-element_type=\"column\" data-settings=\"{&quot;background_background&quot;:&quot;classic&quot;}\">\n\t\t\t<div class=\"elementor-widget-wrap elementor-element-populated\">\n\t\t\t\t\t<div class=\"elementor-background-overlay\"><\/div>\n\t\t\t\t\t\t\t\t<div class=\"elementor-element elementor-element-4c366f5 elementor-widget__width-initial elementor-widget elementor-widget-image\" data-id=\"4c366f5\" data-element_type=\"widget\" data-widget_type=\"image.default\">\n\t\t\t\t<div class=\"elementor-widget-container\">\n\t\t\t\t\t\t\t\t\t\t\t\t\t\t\t<img loading=\"lazy\" decoding=\"async\" width=\"800\" height=\"177\" src=\"https:\/\/gruponovandi.com\/cl\/wp-content\/uploads\/2025\/12\/logo-docusign-corto.png\" class=\"attachment-large size-large wp-image-8871\" alt=\"\" \/>\t\t\t\t\t\t\t\t\t\t\t\t\t\t\t<\/div>\n\t\t\t\t<\/div>\n\t\t\t\t<section class=\"elementor-section elementor-inner-section elementor-element elementor-element-62142f2 elementor-section-boxed elementor-section-height-default elementor-section-height-default\" data-id=\"62142f2\" data-element_type=\"section\">\n\t\t\t\t\t\t<div class=\"elementor-container elementor-column-gap-default\">\n\t\t\t\t\t<div class=\"elementor-column elementor-col-100 elementor-inner-column elementor-element elementor-element-e0c1dd9\" data-id=\"e0c1dd9\" data-element_type=\"column\">\n\t\t\t<div class=\"elementor-widget-wrap elementor-element-populated\">\n\t\t\t\t\t\t\t\t<div class=\"elementor-element elementor-element-95e34a2 elementor-widget elementor-widget-heading\" data-id=\"95e34a2\" data-element_type=\"widget\" data-widget_type=\"heading.default\">\n\t\t\t\t<div class=\"elementor-widget-container\">\n\t\t\t<h2 class=\"elementor-heading-title elementor-size-default\">CLM<\/h2>\t\t<\/div>\n\t\t\t\t<\/div>\n\t\t\t\t<div class=\"elementor-element elementor-element-345c368 elementor-widget elementor-widget-text-editor\" data-id=\"345c368\" data-element_type=\"widget\" data-widget_type=\"text-editor.default\">\n\t\t\t\t<div class=\"elementor-widget-container\">\n\t\t\t\t\t\t\t<p>Automatiza por completo el ciclo de vida contractual: creaci\u00f3n, revisi\u00f3n, negociaci\u00f3n de t\u00e9rminos, aprobaci\u00f3n y firma, con control de versiones, alertas, integraci\u00f3n y cumplimiento normativo.<\/p>\t\t\t\t\t\t<\/div>\n\t\t\t\t<\/div>\n\t\t\t\t\t<\/div>\n\t\t<\/div>\n\t\t\t\t\t\t\t<\/div>\n\t\t<\/section>\n\t\t\t\t<div class=\"elementor-element elementor-element-112b976 elementor-align-center elementor-widget elementor-widget-button\" data-id=\"112b976\" data-element_type=\"widget\" data-widget_type=\"button.default\">\n\t\t\t\t<div class=\"elementor-widget-container\">\n\t\t\t\t\t<div class=\"elementor-button-wrapper\">\n\t\t\t<a class=\"elementor-button elementor-button-link elementor-size-sm\" href=\"https:\/\/gruponovandi.com\/cl\/intelligent-agreement-management\/docusign-clm\/\">\n\t\t\t\t\t\t<span class=\"elementor-button-content-wrapper\">\n\t\t\t\t\t\t<span class=\"elementor-button-text\">VER SOLUCI\u00d3N<\/span>\n\t\t<\/span>\n\t\t\t\t\t<\/a>\n\t\t<\/div>\n\t\t\t\t<\/div>\n\t\t\t\t<\/div>\n\t\t\t\t\t<\/div>\n\t\t<\/div>\n\t\t\t\t<div class=\"elementor-column elementor-col-33 elementor-top-column elementor-element elementor-element-3887763\" data-id=\"3887763\" data-element_type=\"column\" data-settings=\"{&quot;background_background&quot;:&quot;classic&quot;}\">\n\t\t\t<div class=\"elementor-widget-wrap elementor-element-populated\">\n\t\t\t\t\t<div class=\"elementor-background-overlay\"><\/div>\n\t\t\t\t\t\t\t\t<div class=\"elementor-element elementor-element-e568059 elementor-widget__width-initial elementor-widget elementor-widget-image\" data-id=\"e568059\" data-element_type=\"widget\" data-widget_type=\"image.default\">\n\t\t\t\t<div class=\"elementor-widget-container\">\n\t\t\t\t\t\t\t\t\t\t\t\t\t\t\t<img loading=\"lazy\" decoding=\"async\" width=\"800\" height=\"177\" src=\"https:\/\/gruponovandi.com\/cl\/wp-content\/uploads\/2025\/12\/logo-docusign-corto.png\" class=\"attachment-large size-large wp-image-8871\" alt=\"\" \/>\t\t\t\t\t\t\t\t\t\t\t\t\t\t\t<\/div>\n\t\t\t\t<\/div>\n\t\t\t\t<section class=\"elementor-section elementor-inner-section elementor-element elementor-element-1bec338 elementor-section-boxed elementor-section-height-default elementor-section-height-default\" data-id=\"1bec338\" data-element_type=\"section\">\n\t\t\t\t\t\t<div class=\"elementor-container elementor-column-gap-default\">\n\t\t\t\t\t<div class=\"elementor-column elementor-col-100 elementor-inner-column elementor-element elementor-element-393f458\" data-id=\"393f458\" data-element_type=\"column\">\n\t\t\t<div class=\"elementor-widget-wrap elementor-element-populated\">\n\t\t\t\t\t\t\t\t<div class=\"elementor-element elementor-element-46a8b4c elementor-widget elementor-widget-heading\" data-id=\"46a8b4c\" data-element_type=\"widget\" data-widget_type=\"heading.default\">\n\t\t\t\t<div class=\"elementor-widget-container\">\n\t\t\t<h2 class=\"elementor-heading-title elementor-size-default\">IAM<\/h2>\t\t<\/div>\n\t\t\t\t<\/div>\n\t\t\t\t<div class=\"elementor-element elementor-element-7d4ba00 elementor-widget elementor-widget-text-editor\" data-id=\"7d4ba00\" data-element_type=\"widget\" data-widget_type=\"text-editor.default\">\n\t\t\t\t<div class=\"elementor-widget-container\">\n\t\t\t\t\t\t\t<p>Plataforma con IA que verifica identidades, gestiona accesos y analiza acuerdos, automatizando tareas manuales y revelando valor oculto mediante insights inteligentes.<\/p>\t\t\t\t\t\t<\/div>\n\t\t\t\t<\/div>\n\t\t\t\t\t<\/div>\n\t\t<\/div>\n\t\t\t\t\t\t\t<\/div>\n\t\t<\/section>\n\t\t\t\t<div class=\"elementor-element elementor-element-435388f elementor-align-center elementor-widget elementor-widget-button\" data-id=\"435388f\" data-element_type=\"widget\" data-widget_type=\"button.default\">\n\t\t\t\t<div class=\"elementor-widget-container\">\n\t\t\t\t\t<div class=\"elementor-button-wrapper\">\n\t\t\t<a class=\"elementor-button elementor-button-link elementor-size-sm\" href=\"https:\/\/gruponovandi.com\/cl\/iam\/maestro\/\">\n\t\t\t\t\t\t<span class=\"elementor-button-content-wrapper\">\n\t\t\t\t\t\t<span class=\"elementor-button-text\">VER SOLUCI\u00d3N<\/span>\n\t\t<\/span>\n\t\t\t\t\t<\/a>\n\t\t<\/div>\n\t\t\t\t<\/div>\n\t\t\t\t<\/div>\n\t\t\t\t\t<\/div>\n\t\t<\/div>\n\t\t\t\t\t\t\t<\/div>\n\t\t<\/section>\n\t\t\t\t\t\t\t<\/div>\n\t\t","protected":false},"excerpt":{"rendered":"<p>eSignature Soluci\u00f3n l\u00edder para firmar documentos electr\u00f3nicamente, con seguridad, rapidez y trazabilidad desde cualquier dispositivo, garantizando validez jur\u00eddica y experiencia intuitiva. VER SOLUCI\u00d3N CLM Automatiza por completo el ciclo de vida contractual: creaci\u00f3n, revisi\u00f3n, negociaci\u00f3n de t\u00e9rminos, aprobaci\u00f3n y firma, con control de versiones, alertas, integraci\u00f3n y cumplimiento normativo. VER SOLUCI\u00d3N IAM Plataforma con IA [&hellip;]<\/p>\n","protected":false},"author":1,"featured_media":0,"parent":0,"menu_order":0,"comment_status":"closed","ping_status":"closed","template":"","meta":{"_acf_changed":false,"footnotes":""},"acf":[],"yoast_head":"<!-- This site is optimized with the Yoast SEO plugin v22.6 - https:\/\/yoast.com\/wordpress\/plugins\/seo\/ -->\n<title>Productos - Novandi<\/title>\n<meta name=\"robots\" content=\"index, follow, max-snippet:-1, max-image-preview:large, max-video-preview:-1\" \/>\n<link rel=\"canonical\" href=\"https:\/\/gruponovandi.com\/cl\/productos\/\" \/>\n<meta property=\"og:locale\" content=\"es_MX\" \/>\n<meta property=\"og:type\" content=\"article\" \/>\n<meta property=\"og:title\" content=\"Productos - Novandi\" \/>\n<meta property=\"og:description\" content=\"eSignature Soluci\u00f3n l\u00edder para firmar documentos electr\u00f3nicamente, con seguridad, rapidez y trazabilidad desde cualquier dispositivo, garantizando validez jur\u00eddica y experiencia intuitiva. VER SOLUCI\u00d3N CLM Automatiza por completo el ciclo de vida contractual: creaci\u00f3n, revisi\u00f3n, negociaci\u00f3n de t\u00e9rminos, aprobaci\u00f3n y firma, con control de versiones, alertas, integraci\u00f3n y cumplimiento normativo. VER SOLUCI\u00d3N IAM Plataforma con IA [&hellip;]\" \/>\n<meta property=\"og:url\" content=\"https:\/\/gruponovandi.com\/cl\/productos\/\" \/>\n<meta property=\"og:site_name\" content=\"Novandi\" \/>\n<meta property=\"article:modified_time\" content=\"2025-12-09T22:31:20+00:00\" \/>\n<meta property=\"og:image\" content=\"https:\/\/gruponovandi.com\/cl\/wp-content\/uploads\/2025\/12\/logo-docusign-corto.png\" \/>\n<meta name=\"twitter:card\" content=\"summary_large_image\" \/>\n<meta name=\"twitter:label1\" content=\"Tiempo de lectura\" \/>\n\t<meta name=\"twitter:data1\" content=\"1 minuto\" \/>\n<script type=\"application\/ld+json\" class=\"yoast-schema-graph\">{\"@context\":\"https:\/\/schema.org\",\"@graph\":[{\"@type\":\"WebPage\",\"@id\":\"https:\/\/gruponovandi.com\/cl\/productos\/\",\"url\":\"https:\/\/gruponovandi.com\/cl\/productos\/\",\"name\":\"Productos - Novandi\",\"isPartOf\":{\"@id\":\"https:\/\/gruponovandi.com\/cl\/#website\"},\"primaryImageOfPage\":{\"@id\":\"https:\/\/gruponovandi.com\/cl\/productos\/#primaryimage\"},\"image\":{\"@id\":\"https:\/\/gruponovandi.com\/cl\/productos\/#primaryimage\"},\"thumbnailUrl\":\"https:\/\/gruponovandi.com\/cl\/wp-content\/uploads\/2025\/12\/logo-docusign-corto.png\",\"datePublished\":\"2025-12-09T22:30:27+00:00\",\"dateModified\":\"2025-12-09T22:31:20+00:00\",\"breadcrumb\":{\"@id\":\"https:\/\/gruponovandi.com\/cl\/productos\/#breadcrumb\"},\"inLanguage\":\"es-MX\",\"potentialAction\":[{\"@type\":\"ReadAction\",\"target\":[\"https:\/\/gruponovandi.com\/cl\/productos\/\"]}]},{\"@type\":\"ImageObject\",\"inLanguage\":\"es-MX\",\"@id\":\"https:\/\/gruponovandi.com\/cl\/productos\/#primaryimage\",\"url\":\"https:\/\/gruponovandi.com\/cl\/wp-content\/uploads\/2025\/12\/logo-docusign-corto.png\",\"contentUrl\":\"https:\/\/gruponovandi.com\/cl\/wp-content\/uploads\/2025\/12\/logo-docusign-corto.png\",\"width\":1036,\"height\":229},{\"@type\":\"BreadcrumbList\",\"@id\":\"https:\/\/gruponovandi.com\/cl\/productos\/#breadcrumb\",\"itemListElement\":[{\"@type\":\"ListItem\",\"position\":1,\"name\":\"Inicio\",\"item\":\"https:\/\/gruponovandi.com\/cl\/\"},{\"@type\":\"ListItem\",\"position\":2,\"name\":\"Productos\"}]},{\"@type\":\"WebSite\",\"@id\":\"https:\/\/gruponovandi.com\/cl\/#website\",\"url\":\"https:\/\/gruponovandi.com\/cl\/\",\"name\":\"Grupo Novandi\",\"description\":\"Grandes soluciones tecnol\u00f3gicas para la transformaci\u00f3n digital.\",\"publisher\":{\"@id\":\"https:\/\/gruponovandi.com\/cl\/#organization\"},\"potentialAction\":[{\"@type\":\"SearchAction\",\"target\":{\"@type\":\"EntryPoint\",\"urlTemplate\":\"https:\/\/gruponovandi.com\/cl\/?s={search_term_string}\"},\"query-input\":\"required name=search_term_string\"}],\"inLanguage\":\"es-MX\"},{\"@type\":\"Organization\",\"@id\":\"https:\/\/gruponovandi.com\/cl\/#organization\",\"name\":\"Novandi\",\"alternateName\":\"Novandi\",\"url\":\"https:\/\/gruponovandi.com\/cl\/\",\"logo\":{\"@type\":\"ImageObject\",\"inLanguage\":\"es-MX\",\"@id\":\"https:\/\/gruponovandi.com\/cl\/#\/schema\/logo\/image\/\",\"url\":\"https:\/\/gruponovandi.com\/cl\/wp-content\/uploads\/2023\/09\/novandi-logo.png\",\"contentUrl\":\"https:\/\/gruponovandi.com\/cl\/wp-content\/uploads\/2023\/09\/novandi-logo.png\",\"width\":500,\"height\":190,\"caption\":\"Novandi\"},\"image\":{\"@id\":\"https:\/\/gruponovandi.com\/cl\/#\/schema\/logo\/image\/\"}}]}<\/script>\n<!-- \/ Yoast SEO plugin. -->","yoast_head_json":{"title":"Productos - Novandi","robots":{"index":"index","follow":"follow","max-snippet":"max-snippet:-1","max-image-preview":"max-image-preview:large","max-video-preview":"max-video-preview:-1"},"canonical":"https:\/\/gruponovandi.com\/cl\/productos\/","og_locale":"es_MX","og_type":"article","og_title":"Productos - Novandi","og_description":"eSignature Soluci\u00f3n l\u00edder para firmar documentos electr\u00f3nicamente, con seguridad, rapidez y trazabilidad desde cualquier dispositivo, garantizando validez jur\u00eddica y experiencia intuitiva. VER SOLUCI\u00d3N CLM Automatiza por completo el ciclo de vida contractual: creaci\u00f3n, revisi\u00f3n, negociaci\u00f3n de t\u00e9rminos, aprobaci\u00f3n y firma, con control de versiones, alertas, integraci\u00f3n y cumplimiento normativo. VER SOLUCI\u00d3N IAM Plataforma con IA [&hellip;]","og_url":"https:\/\/gruponovandi.com\/cl\/productos\/","og_site_name":"Novandi","article_modified_time":"2025-12-09T22:31:20+00:00","og_image":[{"url":"https:\/\/gruponovandi.com\/cl\/wp-content\/uploads\/2025\/12\/logo-docusign-corto.png"}],"twitter_card":"summary_large_image","twitter_misc":{"Tiempo de lectura":"1 minuto"},"schema":{"@context":"https:\/\/schema.org","@graph":[{"@type":"WebPage","@id":"https:\/\/gruponovandi.com\/cl\/productos\/","url":"https:\/\/gruponovandi.com\/cl\/productos\/","name":"Productos - Novandi","isPartOf":{"@id":"https:\/\/gruponovandi.com\/cl\/#website"},"primaryImageOfPage":{"@id":"https:\/\/gruponovandi.com\/cl\/productos\/#primaryimage"},"image":{"@id":"https:\/\/gruponovandi.com\/cl\/productos\/#primaryimage"},"thumbnailUrl":"https:\/\/gruponovandi.com\/cl\/wp-content\/uploads\/2025\/12\/logo-docusign-corto.png","datePublished":"2025-12-09T22:30:27+00:00","dateModified":"2025-12-09T22:31:20+00:00","breadcrumb":{"@id":"https:\/\/gruponovandi.com\/cl\/productos\/#breadcrumb"},"inLanguage":"es-MX","potentialAction":[{"@type":"ReadAction","target":["https:\/\/gruponovandi.com\/cl\/productos\/"]}]},{"@type":"ImageObject","inLanguage":"es-MX","@id":"https:\/\/gruponovandi.com\/cl\/productos\/#primaryimage","url":"https:\/\/gruponovandi.com\/cl\/wp-content\/uploads\/2025\/12\/logo-docusign-corto.png","contentUrl":"https:\/\/gruponovandi.com\/cl\/wp-content\/uploads\/2025\/12\/logo-docusign-corto.png","width":1036,"height":229},{"@type":"BreadcrumbList","@id":"https:\/\/gruponovandi.com\/cl\/productos\/#breadcrumb","itemListElement":[{"@type":"ListItem","position":1,"name":"Inicio","item":"https:\/\/gruponovandi.com\/cl\/"},{"@type":"ListItem","position":2,"name":"Productos"}]},{"@type":"WebSite","@id":"https:\/\/gruponovandi.com\/cl\/#website","url":"https:\/\/gruponovandi.com\/cl\/","name":"Grupo Novandi","description":"Grandes soluciones tecnol\u00f3gicas para la transformaci\u00f3n digital.","publisher":{"@id":"https:\/\/gruponovandi.com\/cl\/#organization"},"potentialAction":[{"@type":"SearchAction","target":{"@type":"EntryPoint","urlTemplate":"https:\/\/gruponovandi.com\/cl\/?s={search_term_string}"},"query-input":"required name=search_term_string"}],"inLanguage":"es-MX"},{"@type":"Organization","@id":"https:\/\/gruponovandi.com\/cl\/#organization","name":"Novandi","alternateName":"Novandi","url":"https:\/\/gruponovandi.com\/cl\/","logo":{"@type":"ImageObject","inLanguage":"es-MX","@id":"https:\/\/gruponovandi.com\/cl\/#\/schema\/logo\/image\/","url":"https:\/\/gruponovandi.com\/cl\/wp-content\/uploads\/2023\/09\/novandi-logo.png","contentUrl":"https:\/\/gruponovandi.com\/cl\/wp-content\/uploads\/2023\/09\/novandi-logo.png","width":500,"height":190,"caption":"Novandi"},"image":{"@id":"https:\/\/gruponovandi.com\/cl\/#\/schema\/logo\/image\/"}}]}},"_links":{"self":[{"href":"https:\/\/gruponovandi.com\/cl\/wp-json\/wp\/v2\/pages\/8869"}],"collection":[{"href":"https:\/\/gruponovandi.com\/cl\/wp-json\/wp\/v2\/pages"}],"about":[{"href":"https:\/\/gruponovandi.com\/cl\/wp-json\/wp\/v2\/types\/page"}],"author":[{"embeddable":true,"href":"https:\/\/gruponovandi.com\/cl\/wp-json\/wp\/v2\/users\/1"}],"replies":[{"embeddable":true,"href":"https:\/\/gruponovandi.com\/cl\/wp-json\/wp\/v2\/comments?post=8869"}],"version-history":[{"count":4,"href":"https:\/\/gruponovandi.com\/cl\/wp-json\/wp\/v2\/pages\/8869\/revisions"}],"predecessor-version":[{"id":8877,"href":"https:\/\/gruponovandi.com\/cl\/wp-json\/wp\/v2\/pages\/8869\/revisions\/8877"}],"wp:attachment":[{"href":"https:\/\/gruponovandi.com\/cl\/wp-json\/wp\/v2\/media?parent=8869"}],"curies":[{"name":"wp","href":"https:\/\/api.w.org\/{rel}","templated":true}]}}