{"id":4878,"date":"2024-05-03T21:07:11","date_gmt":"2024-05-03T21:07:11","guid":{"rendered":"https:\/\/wipweb.work\/novandi23\/?page_id=4878"},"modified":"2024-05-14T17:20:22","modified_gmt":"2024-05-14T17:20:22","slug":"aviso-de-privacidad","status":"publish","type":"page","link":"https:\/\/gruponovandi.com\/pe\/aviso-de-privacidad\/","title":{"rendered":"Aviso de privacidad"},"content":{"rendered":"\t\t<div data-elementor-type=\"wp-page\" data-elementor-id=\"4878\" class=\"elementor elementor-4878\" data-elementor-post-type=\"page\">\n\t\t\t\t\t\t\t\t\t<section class=\"elementor-section elementor-top-section elementor-element elementor-element-65765e7 elementor-section-boxed elementor-section-height-default elementor-section-height-default\" data-id=\"65765e7\" data-element_type=\"section\">\n\t\t\t\t\t\t<div class=\"elementor-container elementor-column-gap-default\">\n\t\t\t\t\t<div class=\"elementor-column elementor-col-100 elementor-top-column elementor-element elementor-element-a1d0b88\" data-id=\"a1d0b88\" data-element_type=\"column\">\n\t\t\t<div class=\"elementor-widget-wrap elementor-element-populated\">\n\t\t\t\t\t\t\t\t<div class=\"elementor-element elementor-element-d8d361b elementor-widget elementor-widget-heading\" data-id=\"d8d361b\" data-element_type=\"widget\" data-widget_type=\"heading.default\">\n\t\t\t\t<div class=\"elementor-widget-container\">\n\t\t\t<style>\/*! elementor - v3.15.0 - 20-08-2023 *\/\n.elementor-heading-title{padding:0;margin:0;line-height:1}.elementor-widget-heading .elementor-heading-title[class*=elementor-size-]>a{color:inherit;font-size:inherit;line-height:inherit}.elementor-widget-heading .elementor-heading-title.elementor-size-small{font-size:15px}.elementor-widget-heading .elementor-heading-title.elementor-size-medium{font-size:19px}.elementor-widget-heading .elementor-heading-title.elementor-size-large{font-size:29px}.elementor-widget-heading .elementor-heading-title.elementor-size-xl{font-size:39px}.elementor-widget-heading .elementor-heading-title.elementor-size-xxl{font-size:59px}<\/style><h2 class=\"elementor-heading-title elementor-size-default\"> <span style=\"color:#000\"><strong>Aviso de privacidad<\/strong><\/span><\/h2>\t\t<\/div>\n\t\t\t\t<\/div>\n\t\t\t\t\t<\/div>\n\t\t<\/div>\n\t\t\t\t\t\t\t<\/div>\n\t\t<\/section>\n\t\t\t\t<section class=\"elementor-section elementor-top-section elementor-element elementor-element-3c06c2bd elementor-section-boxed elementor-section-height-default elementor-section-height-default\" data-id=\"3c06c2bd\" data-element_type=\"section\">\n\t\t\t\t\t\t<div class=\"elementor-container elementor-column-gap-default\">\n\t\t\t\t\t<div class=\"elementor-column elementor-col-33 elementor-top-column elementor-element elementor-element-dc46155\" data-id=\"dc46155\" data-element_type=\"column\">\n\t\t\t<div class=\"elementor-widget-wrap\">\n\t\t\t\t\t\t\t\t\t<\/div>\n\t\t<\/div>\n\t\t\t\t<div class=\"elementor-column elementor-col-33 elementor-top-column elementor-element elementor-element-1ce8570a\" data-id=\"1ce8570a\" data-element_type=\"column\">\n\t\t\t<div class=\"elementor-widget-wrap elementor-element-populated\">\n\t\t\t\t\t\t\t\t<div class=\"elementor-element elementor-element-58e1691f elementor-widget elementor-widget-text-editor\" data-id=\"58e1691f\" data-element_type=\"widget\" data-widget_type=\"text-editor.default\">\n\t\t\t\t<div class=\"elementor-widget-container\">\n\t\t\t<style>\/*! elementor - v3.15.0 - 20-08-2023 *\/\n.elementor-widget-text-editor.elementor-drop-cap-view-stacked .elementor-drop-cap{background-color:#69727d;color:#fff}.elementor-widget-text-editor.elementor-drop-cap-view-framed .elementor-drop-cap{color:#69727d;border:3px solid;background-color:transparent}.elementor-widget-text-editor:not(.elementor-drop-cap-view-default) .elementor-drop-cap{margin-top:8px}.elementor-widget-text-editor:not(.elementor-drop-cap-view-default) .elementor-drop-cap-letter{width:1em;height:1em}.elementor-widget-text-editor .elementor-drop-cap{float:left;text-align:center;line-height:1;font-size:50px}.elementor-widget-text-editor .elementor-drop-cap-letter{display:inline-block}<\/style>\t\t\t\t<p>El Aviso de Privacidad forma parte del uso del sitio web\u00a0<u>www.gruponovandi.com <\/u><strong>Responsable<\/strong><\/p><p>En cumplimiento a la Ley Federal de Protecci\u00f3n de Datos Personales en Posesi\u00f3n de los Particulares, Novandi Cloud Services S.A. de C.V. le informa que es responsable de sus datos personales. El \u201cUsuario\u201d podr\u00e1 contactar a NOVANDI en cualquier momento a trav\u00e9s de nuestro correo electr\u00f3nico \u00a0<a href=\"mailto:contacto@gruponovandi.com\u00a0\">contacto@gruponovandi.com\u00a0<\/a>o directamente en Av. de los Insurgentes Sur 700, Col del Valle Centro, Benito Ju\u00e1rez, 03100 Ciudad de M\u00e9xico.<\/p><p>Protegemos y salvaguardamos sus datos personales para evitar el da\u00f1o, p\u00e9rdida, destrucci\u00f3n, robo, extrav\u00edo, alteraci\u00f3n, as\u00ed como el uso no autorizado de sus datos personales.<\/p><p><strong>Datos personales<\/strong><\/p><p>La informaci\u00f3n deber\u00e1 ser veraz y completa. El usuario responder\u00e1 en todo momento por los datos proporcionados y en ning\u00fan caso NOVANDI ser\u00e1 responsable de la veracidad de los mismos.<\/p><p>La informaci\u00f3n que puede ser solicitada\u00a0<a href=\"https:\/\/www.novandi.mx\/\"> www.gruponovandi.com\u00a0<\/a>al usuario en el sitio puede incluir pero no est\u00e1 limitada a los siguientes datos: Nombre completo Tel\u00e9fonos de contacto Correo electr\u00f3nico Empresa a la que representa<\/p><p>Sus datos personales ser\u00e1n tratados con base en los principios de licitud, consentimiento, informaci\u00f3n, calidad, finalidad, lealtad, proporcionalidad y responsabilidad en t\u00e9rminos de la legislaci\u00f3n vigente.<\/p><p>Se mantendr\u00e1 la confidencialidad de sus datos personales estableciendo y manteniendo de forma efectiva las medidas de seguridad administrativas, t\u00e9cnicas y f\u00edsicas, para evitar su da\u00f1o, p\u00e9rdida, alteraci\u00f3n, destrucci\u00f3n, uso, acceso o divulgaci\u00f3n indebida.<\/p><p><strong>Qu\u00e9 son los cookies y c\u00f3mo se utilizan<\/strong><\/p><p>Los cookies son peque\u00f1as piezas de informaci\u00f3n que son enviadas por el sitio web a su navegador y se almacenan en el disco duro de su equipo y se utilizan para determinar sus preferencias cuando se conecta a los servicios de nuestros sitios, as\u00ed como para rastrear determinados comportamientos o actividades llevadas a cabo por usted dentro de nuestros sitios.<\/p><p>En algunas secciones de nuestro sitio requerimos que el cliente tenga habilitados los cookies, ya que algunas de las funcionalidades requieren de \u00e9stas para trabajar.<\/p><p>El empleo de cookies no tendr\u00e1 como finalidad identificar a los usuarios, con excepci\u00f3n de los casos en que se investiguen posibles actividades fraudulentas.<\/p><p>Si el usuario desea deshabilitar las cookies, deber\u00e1 hacerlo directamente en su explorador de Internet.<\/p><p><strong>Uso de la informaci\u00f3n<\/strong><\/p><p>La informaci\u00f3n solicitada permite a NOVANDI contactar a los usuarios y potenciales clientes cuando sea necesario para completar los procedimientos de compra y prestaci\u00f3n de servicios.<\/p><p>Asimismo, NOVANDI utilizar\u00e1 la informaci\u00f3n obtenida para:<\/p><p>\u00a0<\/p><ul><li>Procurar un servicio eficiente<\/li><li>Informar sobre nuevos productos o servicios que est\u00e9n relacionados con el contratado o adquirido por el cliente<\/li><li>Dar cumplimiento a obligaciones contra\u00eddas con nuestros clientes<\/li><li>Informar sobre cambios de nuestros productos o servicios<\/li><li>Proveer una mejor atenci\u00f3n al usuario<\/li><\/ul><p>\u00a0<\/p><p>Los datos personales o empresariales proporcionados por el usuario formar\u00e1n parte de un archivo que contendr\u00e1 su perfil. El usuario puede modificar su perfil en cualquier momento utilizando su correo electr\u00f3nico y contrase\u00f1a.<\/p><p><strong>Limitaci\u00f3n de uso y divulgaci\u00f3n de informaci\u00f3n<\/strong><\/p><p>En nuestro programa de notificaci\u00f3n de promociones, ofertas y servicios a trav\u00e9s de correo electr\u00f3nico, solamente NOVANDI tiene acceso a la informaci\u00f3n recabada. Este tipo de publicidad se realiza mediante avisos y mensajes promocionales de correo electr\u00f3nico, los cuales s\u00f3lo ser\u00e1n enviados a Usted y a aquellos contactos registrados para tal prop\u00f3sito. Esta indicaci\u00f3n podr\u00e1 modificarse en cualquier momento enviando un correo a<a href=\"mailto:contacto@novandi.mx\">\u00a0contacto@gruponovandi.com <\/a>. En los correos electr\u00f3nicos enviados, pueden incluirse ocasionalmente ofertas de terceras partes que sean nuestros socios comerciales.<\/p><p><strong>Derechos ARCO (acceso, rectificaci\u00f3n, cancelaci\u00f3n y oposici\u00f3n)<\/strong><\/p><p>El \u00e1rea responsable del manejo y la administraci\u00f3n de los datos personales es: Servicio de Atenci\u00f3n al Cliente, a quien puede contactar mediante el correo electr\u00f3nico\u00a0<a href=\"mailto:contacto@novandi.mx\"> contacto@gruponovandi.com\u00a0<\/a>o directamente en Av. de los Insurgentes Sur 700, Col del Valle Centro, Benito Ju\u00e1rez, 03100 Ciudad de M\u00e9xico o al tel\u00e9fono 16 70 40 50.<\/p><p><strong>Para ejercer sus Derechos ARCO y revocar el consentimiento otorgado.<\/strong><\/p><p>Como titular de datos personales, el \u201cUsuario\u201d podr\u00e1 ejercitar los derechos ARCO (acceso, cancelaci\u00f3n, rectificaci\u00f3n y oposici\u00f3n al tratamiento de sus datos personales), o bien, revocar el consentimiento que haya otorgado a NOVANDI, para el tratamiento de sus datos personales, enviando directamente su solicitud al \u00e1rea Servicio de Atenci\u00f3n al Cliente a trav\u00e9s de la cuenta de correo electr\u00f3nico:\u00a0<a href=\"mailto:contacto@gruponovandi.com\">contacto@gruponovandi.com<\/a><\/p><p>Dicha solicitud deber\u00e1 contener por lo menos: (a) nombre y domicilio u otro medio para comunicarle la respuesta a su solicitud; (b) los documentos que acrediten su identidad o, en su caso, la representaci\u00f3n legal; (c) la descripci\u00f3n clara y precisa de los datos personales respecto de los que se solicita ejercer alguno de los derechos ARCO, (d) la manifestaci\u00f3n expresa para revocar su consentimiento al tratamiento de sus datos personales y por tanto, para que no se usen; (d) cualquier otro elemento que facilite la localizaci\u00f3n de los datos personales.<\/p><p>Su petici\u00f3n deber\u00e1 ir acompa\u00f1ada de los fundamentos por los que solicita dicha revocaci\u00f3n y una identificaci\u00f3n oficial del titular de los datos o de su apoderado. En un plazo m\u00e1ximo de 20 (veinte) d\u00edas h\u00e1biles atenderemos su solicitud y le informaremos sobre la procedencia de la misma a trav\u00e9s del correo electr\u00f3nico del que provenga la petici\u00f3n.<\/p><p>NOVANDI solicita al usuario que actualice sus datos cada vez que \u00e9stos sufran alguna modificaci\u00f3n, ya que esto permitir\u00e1 brindarle un servicio eficiente y personalizado.<\/p><p><strong>Transferencias de informaci\u00f3n con terceros<\/strong><\/p><p>NOVANDI \u00fanicamente realiza remisiones de datos para cumplir con las obligaciones contra\u00eddas con los clientes.<\/p><p>NOVANDI s\u00f3lo compartir\u00e1 datos cuando haya sido requerido por orden judicial para cumplir con las disposiciones procesales.<\/p><p><strong>Cambios en el aviso de privacidad<\/strong><\/p><p>Nos reservamos el derecho de efectuar en cualquier momento modificaciones o actualizaciones al presente Aviso de Privacidad, para la atenci\u00f3n de novedades legislativas o jurisprudenciales, pol\u00edticas internas, nuevos requerimientos para la prestaci\u00f3n u ofrecimiento de nuestros servicios o productos y pr\u00e1cticas del mercado.<\/p><p>Estas modificaciones estar\u00e1n disponibles al p\u00fablico a trav\u00e9s de nuestra p\u00e1gina de Internet\u00a0<u>www.gruponovandi.com<\/u>, secci\u00f3n aviso de privacidad.<\/p><p><strong>Aceptaci\u00f3n de los t\u00e9rminos<\/strong><\/p><p>Esta declaraci\u00f3n de Privacidad est\u00e1 sujeta a los t\u00e9rminos y condiciones del sitio web de Novandi antes descrito, lo cual constituye un acuerdo legal entre el usuario y NOVANDI.<\/p><p>Si el usuario utiliza los servicios en cualquiera de los sitios de NOVANDI, significa que ha le\u00eddo, entendido y acordado los t\u00e9rminos antes expuestos.<\/p><p>Para resolver cualquier duda en este sentido y cualquiera referente a este Aviso de Privacidad, nos podr\u00e1 contactar al correo\u00a0<a href=\"mailto:contacto@gruponovandi.com\">contacto@gruponovandi.com<\/a><\/p><p><strong>Autoridad<\/strong><\/p><p>Si el usuario considera que han sido vulnerados sus derechos respecto de la protecci\u00f3n de datos personales, tiene el derecho de acudir a la autoridad correspondiente para defender su ejercicio. La autoridad es el Instituto Nacional de Transpariencia, Acceso a la Informaci\u00f3n y Protecci\u00f3n de Datos Personales (INAI), su sitio web es:\u00a0<u>www.inai.org.mx <\/u><\/p><p><strong>Fecha de la \u00faltima actualizaci\u00f3n.<\/strong><\/p><p>Estimado usuario, se le notifica que el Aviso de Privacidad ha sido modificado el d\u00eda 04 de noviembre de 2019.<\/p>\t\t\t\t\t\t<\/div>\n\t\t\t\t<\/div>\n\t\t\t\t\t<\/div>\n\t\t<\/div>\n\t\t\t\t<div class=\"elementor-column elementor-col-33 elementor-top-column elementor-element elementor-element-0c442e9\" data-id=\"0c442e9\" data-element_type=\"column\">\n\t\t\t<div class=\"elementor-widget-wrap\">\n\t\t\t\t\t\t\t\t\t<\/div>\n\t\t<\/div>\n\t\t\t\t\t\t\t<\/div>\n\t\t<\/section>\n\t\t\t\t\t\t\t<\/div>\n\t\t","protected":false},"excerpt":{"rendered":"<p>Aviso de privacidad El Aviso de Privacidad forma parte del uso del sitio web\u00a0www.gruponovandi.com Responsable En cumplimiento a la Ley Federal de Protecci\u00f3n de Datos Personales en Posesi\u00f3n de los Particulares, Novandi Cloud Services S.A. de C.V. le informa que es responsable de sus datos personales. El \u201cUsuario\u201d podr\u00e1 contactar a NOVANDI en cualquier momento [&hellip;]<\/p>\n","protected":false},"author":1,"featured_media":0,"parent":0,"menu_order":0,"comment_status":"closed","ping_status":"closed","template":"","meta":{"_acf_changed":false,"content-type":"","footnotes":""},"acf":[],"yoast_head":"<!-- This site is optimized with the Yoast SEO plugin v22.6 - https:\/\/yoast.com\/wordpress\/plugins\/seo\/ -->\n<title>Aviso de privacidad - Novandi<\/title>\n<meta name=\"robots\" content=\"noindex, follow, max-snippet:-1, max-image-preview:large, max-video-preview:-1\" \/>\n<meta property=\"og:locale\" content=\"es_MX\" \/>\n<meta property=\"og:type\" content=\"article\" \/>\n<meta property=\"og:title\" content=\"Aviso de privacidad - Novandi\" \/>\n<meta property=\"og:description\" content=\"Aviso de privacidad El Aviso de Privacidad forma parte del uso del sitio web\u00a0www.gruponovandi.com Responsable En cumplimiento a la Ley Federal de Protecci\u00f3n de Datos Personales en Posesi\u00f3n de los Particulares, Novandi Cloud Services S.A. de C.V. le informa que es responsable de sus datos personales. El \u201cUsuario\u201d podr\u00e1 contactar a NOVANDI en cualquier momento [&hellip;]\" \/>\n<meta property=\"og:url\" content=\"https:\/\/gruponovandi.com\/pe\/aviso-de-privacidad\/\" \/>\n<meta property=\"og:site_name\" content=\"Novandi\" \/>\n<meta property=\"article:modified_time\" content=\"2024-05-14T17:20:22+00:00\" \/>\n<meta name=\"twitter:card\" content=\"summary_large_image\" \/>\n<meta name=\"twitter:label1\" content=\"Tiempo de lectura\" \/>\n\t<meta name=\"twitter:data1\" content=\"6 minutos\" \/>\n<script type=\"application\/ld+json\" class=\"yoast-schema-graph\">{\"@context\":\"https:\/\/schema.org\",\"@graph\":[{\"@type\":\"WebPage\",\"@id\":\"https:\/\/gruponovandi.com\/pe\/aviso-de-privacidad\/\",\"url\":\"https:\/\/gruponovandi.com\/pe\/aviso-de-privacidad\/\",\"name\":\"Aviso de privacidad - Novandi\",\"isPartOf\":{\"@id\":\"https:\/\/gruponovandi.com\/pe\/#website\"},\"datePublished\":\"2024-05-03T21:07:11+00:00\",\"dateModified\":\"2024-05-14T17:20:22+00:00\",\"breadcrumb\":{\"@id\":\"https:\/\/gruponovandi.com\/pe\/aviso-de-privacidad\/#breadcrumb\"},\"inLanguage\":\"es-MX\",\"potentialAction\":[{\"@type\":\"ReadAction\",\"target\":[\"https:\/\/gruponovandi.com\/pe\/aviso-de-privacidad\/\"]}]},{\"@type\":\"BreadcrumbList\",\"@id\":\"https:\/\/gruponovandi.com\/pe\/aviso-de-privacidad\/#breadcrumb\",\"itemListElement\":[{\"@type\":\"ListItem\",\"position\":1,\"name\":\"Inicio\",\"item\":\"https:\/\/gruponovandi.com\/pe\/\"},{\"@type\":\"ListItem\",\"position\":2,\"name\":\"Aviso de privacidad\"}]},{\"@type\":\"WebSite\",\"@id\":\"https:\/\/gruponovandi.com\/pe\/#website\",\"url\":\"https:\/\/gruponovandi.com\/pe\/\",\"name\":\"Grupo Novandi\",\"description\":\"Grandes soluciones tecnol\u00f3gicas para la transformaci\u00f3n digital.\",\"publisher\":{\"@id\":\"https:\/\/gruponovandi.com\/pe\/#organization\"},\"potentialAction\":[{\"@type\":\"SearchAction\",\"target\":{\"@type\":\"EntryPoint\",\"urlTemplate\":\"https:\/\/gruponovandi.com\/pe\/?s={search_term_string}\"},\"query-input\":\"required name=search_term_string\"}],\"inLanguage\":\"es-MX\"},{\"@type\":\"Organization\",\"@id\":\"https:\/\/gruponovandi.com\/pe\/#organization\",\"name\":\"Novandi\",\"alternateName\":\"Novandi\",\"url\":\"https:\/\/gruponovandi.com\/pe\/\",\"logo\":{\"@type\":\"ImageObject\",\"inLanguage\":\"es-MX\",\"@id\":\"https:\/\/gruponovandi.com\/pe\/#\/schema\/logo\/image\/\",\"url\":\"https:\/\/gruponovandi.com\/pe\/wp-content\/uploads\/2023\/09\/novandi-logo.png\",\"contentUrl\":\"https:\/\/gruponovandi.com\/pe\/wp-content\/uploads\/2023\/09\/novandi-logo.png\",\"width\":500,\"height\":190,\"caption\":\"Novandi\"},\"image\":{\"@id\":\"https:\/\/gruponovandi.com\/pe\/#\/schema\/logo\/image\/\"}}]}<\/script>\n<!-- \/ Yoast SEO plugin. -->","yoast_head_json":{"title":"Aviso de privacidad - Novandi","robots":{"index":"noindex","follow":"follow","max-snippet":"max-snippet:-1","max-image-preview":"max-image-preview:large","max-video-preview":"max-video-preview:-1"},"og_locale":"es_MX","og_type":"article","og_title":"Aviso de privacidad - Novandi","og_description":"Aviso de privacidad El Aviso de Privacidad forma parte del uso del sitio web\u00a0www.gruponovandi.com Responsable En cumplimiento a la Ley Federal de Protecci\u00f3n de Datos Personales en Posesi\u00f3n de los Particulares, Novandi Cloud Services S.A. de C.V. le informa que es responsable de sus datos personales. El \u201cUsuario\u201d podr\u00e1 contactar a NOVANDI en cualquier momento [&hellip;]","og_url":"https:\/\/gruponovandi.com\/pe\/aviso-de-privacidad\/","og_site_name":"Novandi","article_modified_time":"2024-05-14T17:20:22+00:00","twitter_card":"summary_large_image","twitter_misc":{"Tiempo de lectura":"6 minutos"},"schema":{"@context":"https:\/\/schema.org","@graph":[{"@type":"WebPage","@id":"https:\/\/gruponovandi.com\/pe\/aviso-de-privacidad\/","url":"https:\/\/gruponovandi.com\/pe\/aviso-de-privacidad\/","name":"Aviso de privacidad - Novandi","isPartOf":{"@id":"https:\/\/gruponovandi.com\/pe\/#website"},"datePublished":"2024-05-03T21:07:11+00:00","dateModified":"2024-05-14T17:20:22+00:00","breadcrumb":{"@id":"https:\/\/gruponovandi.com\/pe\/aviso-de-privacidad\/#breadcrumb"},"inLanguage":"es-MX","potentialAction":[{"@type":"ReadAction","target":["https:\/\/gruponovandi.com\/pe\/aviso-de-privacidad\/"]}]},{"@type":"BreadcrumbList","@id":"https:\/\/gruponovandi.com\/pe\/aviso-de-privacidad\/#breadcrumb","itemListElement":[{"@type":"ListItem","position":1,"name":"Inicio","item":"https:\/\/gruponovandi.com\/pe\/"},{"@type":"ListItem","position":2,"name":"Aviso de privacidad"}]},{"@type":"WebSite","@id":"https:\/\/gruponovandi.com\/pe\/#website","url":"https:\/\/gruponovandi.com\/pe\/","name":"Grupo Novandi","description":"Grandes soluciones tecnol\u00f3gicas para la transformaci\u00f3n digital.","publisher":{"@id":"https:\/\/gruponovandi.com\/pe\/#organization"},"potentialAction":[{"@type":"SearchAction","target":{"@type":"EntryPoint","urlTemplate":"https:\/\/gruponovandi.com\/pe\/?s={search_term_string}"},"query-input":"required name=search_term_string"}],"inLanguage":"es-MX"},{"@type":"Organization","@id":"https:\/\/gruponovandi.com\/pe\/#organization","name":"Novandi","alternateName":"Novandi","url":"https:\/\/gruponovandi.com\/pe\/","logo":{"@type":"ImageObject","inLanguage":"es-MX","@id":"https:\/\/gruponovandi.com\/pe\/#\/schema\/logo\/image\/","url":"https:\/\/gruponovandi.com\/pe\/wp-content\/uploads\/2023\/09\/novandi-logo.png","contentUrl":"https:\/\/gruponovandi.com\/pe\/wp-content\/uploads\/2023\/09\/novandi-logo.png","width":500,"height":190,"caption":"Novandi"},"image":{"@id":"https:\/\/gruponovandi.com\/pe\/#\/schema\/logo\/image\/"}}]}},"_links":{"self":[{"href":"https:\/\/gruponovandi.com\/pe\/wp-json\/wp\/v2\/pages\/4878"}],"collection":[{"href":"https:\/\/gruponovandi.com\/pe\/wp-json\/wp\/v2\/pages"}],"about":[{"href":"https:\/\/gruponovandi.com\/pe\/wp-json\/wp\/v2\/types\/page"}],"author":[{"embeddable":true,"href":"https:\/\/gruponovandi.com\/pe\/wp-json\/wp\/v2\/users\/1"}],"replies":[{"embeddable":true,"href":"https:\/\/gruponovandi.com\/pe\/wp-json\/wp\/v2\/comments?post=4878"}],"version-history":[{"count":11,"href":"https:\/\/gruponovandi.com\/pe\/wp-json\/wp\/v2\/pages\/4878\/revisions"}],"predecessor-version":[{"id":6116,"href":"https:\/\/gruponovandi.com\/pe\/wp-json\/wp\/v2\/pages\/4878\/revisions\/6116"}],"wp:attachment":[{"href":"https:\/\/gruponovandi.com\/pe\/wp-json\/wp\/v2\/media?parent=4878"}],"curies":[{"name":"wp","href":"https:\/\/api.w.org\/{rel}","templated":true}]}}