{"id":64,"date":"2023-09-05T18:14:31","date_gmt":"2023-09-05T18:14:31","guid":{"rendered":"https:\/\/wipweb.work\/novandi23\/?page_id=64"},"modified":"2025-10-24T05:27:17","modified_gmt":"2025-10-24T05:27:17","slug":"soluciones","status":"publish","type":"page","link":"https:\/\/gruponovandi.com\/pe\/soluciones\/","title":{"rendered":"Soluciones"},"content":{"rendered":"\t\t<div data-elementor-type=\"wp-page\" data-elementor-id=\"64\" class=\"elementor elementor-64\" data-elementor-post-type=\"page\">\n\t\t\t\t\t\t\t\t\t<section class=\"elementor-section elementor-top-section elementor-element elementor-element-126d7ce elementor-section-full_width elementor-section-height-min-height elementor-section-items-stretch elementor-section-content-middle elementor-section-height-default\" data-id=\"126d7ce\" data-element_type=\"section\">\n\t\t\t\t\t\t<div class=\"elementor-container elementor-column-gap-no\">\n\t\t\t\t\t<div class=\"elementor-column elementor-col-50 elementor-top-column elementor-element elementor-element-cf84096\" data-id=\"cf84096\" data-element_type=\"column\" data-settings=\"{&quot;background_background&quot;:&quot;classic&quot;}\">\n\t\t\t<div class=\"elementor-widget-wrap elementor-element-populated\">\n\t\t\t\t\t<div class=\"elementor-background-overlay\"><\/div>\n\t\t\t\t\t\t\t\t<div class=\"elementor-element elementor-element-4285f21 elementor-widget__width-initial elementor-widget elementor-widget-image\" data-id=\"4285f21\" data-element_type=\"widget\" data-widget_type=\"image.default\">\n\t\t\t\t<div class=\"elementor-widget-container\">\n\t\t\t<style>\/*! elementor - v3.15.0 - 20-08-2023 *\/\n.elementor-widget-image{text-align:center}.elementor-widget-image a{display:inline-block}.elementor-widget-image a img[src$=\".svg\"]{width:48px}.elementor-widget-image img{vertical-align:middle;display:inline-block}<\/style>\t\t\t\t\t\t\t\t\t\t\t\t<img loading=\"lazy\" decoding=\"async\" width=\"800\" height=\"251\" src=\"https:\/\/gruponovandi.com\/pe\/wp-content\/uploads\/2025\/09\/hubsignia-1.png\" class=\"attachment-large size-large wp-image-8641\" alt=\"\" \/>\t\t\t\t\t\t\t\t\t\t\t\t\t\t\t<\/div>\n\t\t\t\t<\/div>\n\t\t\t\t<section class=\"elementor-section elementor-inner-section elementor-element elementor-element-2fa4335 elementor-section-boxed elementor-section-height-default elementor-section-height-default\" data-id=\"2fa4335\" data-element_type=\"section\">\n\t\t\t\t\t\t<div class=\"elementor-container elementor-column-gap-default\">\n\t\t\t\t\t<div class=\"elementor-column elementor-col-100 elementor-inner-column elementor-element elementor-element-00f2978\" data-id=\"00f2978\" data-element_type=\"column\">\n\t\t\t<div class=\"elementor-widget-wrap elementor-element-populated\">\n\t\t\t\t\t\t\t\t<div class=\"elementor-element elementor-element-182ac96 elementor-widget elementor-widget-text-editor\" data-id=\"182ac96\" data-element_type=\"widget\" data-widget_type=\"text-editor.default\">\n\t\t\t\t<div class=\"elementor-widget-container\">\n\t\t\t<style>\/*! elementor - v3.15.0 - 20-08-2023 *\/\n.elementor-widget-text-editor.elementor-drop-cap-view-stacked .elementor-drop-cap{background-color:#69727d;color:#fff}.elementor-widget-text-editor.elementor-drop-cap-view-framed .elementor-drop-cap{color:#69727d;border:3px solid;background-color:transparent}.elementor-widget-text-editor:not(.elementor-drop-cap-view-default) .elementor-drop-cap{margin-top:8px}.elementor-widget-text-editor:not(.elementor-drop-cap-view-default) .elementor-drop-cap-letter{width:1em;height:1em}.elementor-widget-text-editor .elementor-drop-cap{float:left;text-align:center;line-height:1;font-size:50px}.elementor-widget-text-editor .elementor-drop-cap-letter{display:inline-block}<\/style>\t\t\t\t<p>Ecosistema digital perfecto, \u00fanico, flexible y seguro para firmar, gestionar y almacenar acuerdos electr\u00f3nicamente, con integraci\u00f3n y eficiencia, desde cualquier lugar.<br \/><br \/><\/p>\t\t\t\t\t\t<\/div>\n\t\t\t\t<\/div>\n\t\t\t\t<div class=\"elementor-element elementor-element-f72156f elementor-align-center elementor-widget elementor-widget-button\" data-id=\"f72156f\" data-element_type=\"widget\" data-widget_type=\"button.default\">\n\t\t\t\t<div class=\"elementor-widget-container\">\n\t\t\t\t\t<div class=\"elementor-button-wrapper\">\n\t\t\t<a class=\"elementor-button elementor-button-link elementor-size-lg\" href=\"https:\/\/gruponovandi.com\/formpaquetes\/\">\n\t\t\t\t\t\t<span class=\"elementor-button-content-wrapper\">\n\t\t\t\t\t\t<span class=\"elementor-button-text\">VER SOLUCI\u00d3N<\/span>\n\t\t<\/span>\n\t\t\t\t\t<\/a>\n\t\t<\/div>\n\t\t\t\t<\/div>\n\t\t\t\t<\/div>\n\t\t\t\t\t<\/div>\n\t\t<\/div>\n\t\t\t\t\t\t\t<\/div>\n\t\t<\/section>\n\t\t\t\t\t<\/div>\n\t\t<\/div>\n\t\t\t\t<div class=\"elementor-column elementor-col-50 elementor-top-column elementor-element elementor-element-3eaee2b\" data-id=\"3eaee2b\" data-element_type=\"column\" data-settings=\"{&quot;background_background&quot;:&quot;classic&quot;}\">\n\t\t\t<div class=\"elementor-widget-wrap elementor-element-populated\">\n\t\t\t\t\t<div class=\"elementor-background-overlay\"><\/div>\n\t\t\t\t\t\t\t\t<div class=\"elementor-element elementor-element-59b69f5 elementor-widget__width-initial elementor-widget elementor-widget-image\" data-id=\"59b69f5\" data-element_type=\"widget\" data-widget_type=\"image.default\">\n\t\t\t\t<div class=\"elementor-widget-container\">\n\t\t\t\t\t\t\t\t\t\t\t\t\t\t\t<img loading=\"lazy\" decoding=\"async\" width=\"800\" height=\"474\" src=\"https:\/\/gruponovandi.com\/pe\/wp-content\/uploads\/2025\/09\/nap-novandi.png\" class=\"attachment-large size-large wp-image-8590\" alt=\"\" \/>\t\t\t\t\t\t\t\t\t\t\t\t\t\t\t<\/div>\n\t\t\t\t<\/div>\n\t\t\t\t<section class=\"elementor-section elementor-inner-section elementor-element elementor-element-a64f5e9 elementor-section-boxed elementor-section-height-default elementor-section-height-default\" data-id=\"a64f5e9\" data-element_type=\"section\">\n\t\t\t\t\t\t<div class=\"elementor-container elementor-column-gap-default\">\n\t\t\t\t\t<div class=\"elementor-column elementor-col-100 elementor-inner-column elementor-element elementor-element-7d37e3c\" data-id=\"7d37e3c\" data-element_type=\"column\">\n\t\t\t<div class=\"elementor-widget-wrap elementor-element-populated\">\n\t\t\t\t\t\t\t\t<div class=\"elementor-element elementor-element-2b5fe87 elementor-widget elementor-widget-text-editor\" data-id=\"2b5fe87\" data-element_type=\"widget\" data-widget_type=\"text-editor.default\">\n\t\t\t\t<div class=\"elementor-widget-container\">\n\t\t\t\t\t\t\t<p>Digitaliza el ciclo completo de acuerdos con captura inteligente de datos, autenticaci\u00f3n de firmantes, respaldo legal, distribuci\u00f3n automatizada y soporte continuo.<\/p>\t\t\t\t\t\t<\/div>\n\t\t\t\t<\/div>\n\t\t\t\t\t<\/div>\n\t\t<\/div>\n\t\t\t\t\t\t\t<\/div>\n\t\t<\/section>\n\t\t\t\t<div class=\"elementor-element elementor-element-85bbd64 elementor-align-center elementor-widget elementor-widget-button\" data-id=\"85bbd64\" data-element_type=\"widget\" data-widget_type=\"button.default\">\n\t\t\t\t<div class=\"elementor-widget-container\">\n\t\t\t\t\t<div class=\"elementor-button-wrapper\">\n\t\t\t<a class=\"elementor-button elementor-button-link elementor-size-lg\" href=\"https:\/\/gruponovandi.com\/pe\/soluciones\/nap\/\">\n\t\t\t\t\t\t<span class=\"elementor-button-content-wrapper\">\n\t\t\t\t\t\t<span class=\"elementor-button-text\">VER SOLUCI\u00d3N<\/span>\n\t\t<\/span>\n\t\t\t\t\t<\/a>\n\t\t<\/div>\n\t\t\t\t<\/div>\n\t\t\t\t<\/div>\n\t\t\t\t\t<\/div>\n\t\t<\/div>\n\t\t\t\t\t\t\t<\/div>\n\t\t<\/section>\n\t\t\t\t\t\t\t<\/div>\n\t\t","protected":false},"excerpt":{"rendered":"<p>Ecosistema digital perfecto, \u00fanico, flexible y seguro para firmar, gestionar y almacenar acuerdos electr\u00f3nicamente, con integraci\u00f3n y eficiencia, desde cualquier lugar. VER SOLUCI\u00d3N Digitaliza el ciclo completo de acuerdos con captura inteligente de datos, autenticaci\u00f3n de firmantes, respaldo legal, distribuci\u00f3n automatizada y soporte continuo. VER SOLUCI\u00d3N<\/p>\n","protected":false},"author":1,"featured_media":0,"parent":0,"menu_order":0,"comment_status":"closed","ping_status":"closed","template":"","meta":{"_acf_changed":false,"content-type":"","footnotes":""},"acf":[],"yoast_head":"<!-- This site is optimized with the Yoast SEO plugin v22.6 - https:\/\/yoast.com\/wordpress\/plugins\/seo\/ -->\n<title>Soluciones - Novandi<\/title>\n<meta name=\"robots\" content=\"noindex, follow, max-snippet:-1, max-image-preview:large, max-video-preview:-1\" \/>\n<meta property=\"og:locale\" content=\"es_MX\" \/>\n<meta property=\"og:type\" content=\"article\" \/>\n<meta property=\"og:title\" content=\"Soluciones - Novandi\" \/>\n<meta property=\"og:description\" content=\"Ecosistema digital perfecto, \u00fanico, flexible y seguro para firmar, gestionar y almacenar acuerdos electr\u00f3nicamente, con integraci\u00f3n y eficiencia, desde cualquier lugar. VER SOLUCI\u00d3N Digitaliza el ciclo completo de acuerdos con captura inteligente de datos, autenticaci\u00f3n de firmantes, respaldo legal, distribuci\u00f3n automatizada y soporte continuo. VER SOLUCI\u00d3N\" \/>\n<meta property=\"og:url\" content=\"https:\/\/gruponovandi.com\/pe\/soluciones\/\" \/>\n<meta property=\"og:site_name\" content=\"Novandi\" \/>\n<meta property=\"article:modified_time\" content=\"2025-10-24T05:27:17+00:00\" \/>\n<meta property=\"og:image\" content=\"https:\/\/gruponovandi.com\/pe\/wp-content\/uploads\/2025\/09\/hubsignia-1.png\" \/>\n<meta name=\"twitter:card\" content=\"summary_large_image\" \/>\n<meta name=\"twitter:label1\" content=\"Tiempo de lectura\" \/>\n\t<meta name=\"twitter:data1\" content=\"1 minuto\" \/>\n<script type=\"application\/ld+json\" class=\"yoast-schema-graph\">{\"@context\":\"https:\/\/schema.org\",\"@graph\":[{\"@type\":\"WebPage\",\"@id\":\"https:\/\/gruponovandi.com\/pe\/soluciones\/\",\"url\":\"https:\/\/gruponovandi.com\/pe\/soluciones\/\",\"name\":\"Soluciones - Novandi\",\"isPartOf\":{\"@id\":\"https:\/\/gruponovandi.com\/pe\/#website\"},\"primaryImageOfPage\":{\"@id\":\"https:\/\/gruponovandi.com\/pe\/soluciones\/#primaryimage\"},\"image\":{\"@id\":\"https:\/\/gruponovandi.com\/pe\/soluciones\/#primaryimage\"},\"thumbnailUrl\":\"https:\/\/gruponovandi.com\/pe\/wp-content\/uploads\/2025\/09\/hubsignia-1.png\",\"datePublished\":\"2023-09-05T18:14:31+00:00\",\"dateModified\":\"2025-10-24T05:27:17+00:00\",\"breadcrumb\":{\"@id\":\"https:\/\/gruponovandi.com\/pe\/soluciones\/#breadcrumb\"},\"inLanguage\":\"es-MX\",\"potentialAction\":[{\"@type\":\"ReadAction\",\"target\":[\"https:\/\/gruponovandi.com\/pe\/soluciones\/\"]}]},{\"@type\":\"ImageObject\",\"inLanguage\":\"es-MX\",\"@id\":\"https:\/\/gruponovandi.com\/pe\/soluciones\/#primaryimage\",\"url\":\"https:\/\/gruponovandi.com\/pe\/wp-content\/uploads\/2025\/09\/hubsignia-1.png\",\"contentUrl\":\"https:\/\/gruponovandi.com\/pe\/wp-content\/uploads\/2025\/09\/hubsignia-1.png\",\"width\":1875,\"height\":588},{\"@type\":\"BreadcrumbList\",\"@id\":\"https:\/\/gruponovandi.com\/pe\/soluciones\/#breadcrumb\",\"itemListElement\":[{\"@type\":\"ListItem\",\"position\":1,\"name\":\"Inicio\",\"item\":\"https:\/\/gruponovandi.com\/pe\/\"},{\"@type\":\"ListItem\",\"position\":2,\"name\":\"Soluciones\"}]},{\"@type\":\"WebSite\",\"@id\":\"https:\/\/gruponovandi.com\/pe\/#website\",\"url\":\"https:\/\/gruponovandi.com\/pe\/\",\"name\":\"Grupo Novandi\",\"description\":\"Grandes soluciones tecnol\u00f3gicas para la transformaci\u00f3n digital.\",\"publisher\":{\"@id\":\"https:\/\/gruponovandi.com\/pe\/#organization\"},\"potentialAction\":[{\"@type\":\"SearchAction\",\"target\":{\"@type\":\"EntryPoint\",\"urlTemplate\":\"https:\/\/gruponovandi.com\/pe\/?s={search_term_string}\"},\"query-input\":\"required name=search_term_string\"}],\"inLanguage\":\"es-MX\"},{\"@type\":\"Organization\",\"@id\":\"https:\/\/gruponovandi.com\/pe\/#organization\",\"name\":\"Novandi\",\"alternateName\":\"Novandi\",\"url\":\"https:\/\/gruponovandi.com\/pe\/\",\"logo\":{\"@type\":\"ImageObject\",\"inLanguage\":\"es-MX\",\"@id\":\"https:\/\/gruponovandi.com\/pe\/#\/schema\/logo\/image\/\",\"url\":\"https:\/\/gruponovandi.com\/pe\/wp-content\/uploads\/2023\/09\/novandi-logo.png\",\"contentUrl\":\"https:\/\/gruponovandi.com\/pe\/wp-content\/uploads\/2023\/09\/novandi-logo.png\",\"width\":500,\"height\":190,\"caption\":\"Novandi\"},\"image\":{\"@id\":\"https:\/\/gruponovandi.com\/pe\/#\/schema\/logo\/image\/\"}}]}<\/script>\n<!-- \/ Yoast SEO plugin. -->","yoast_head_json":{"title":"Soluciones - Novandi","robots":{"index":"noindex","follow":"follow","max-snippet":"max-snippet:-1","max-image-preview":"max-image-preview:large","max-video-preview":"max-video-preview:-1"},"og_locale":"es_MX","og_type":"article","og_title":"Soluciones - Novandi","og_description":"Ecosistema digital perfecto, \u00fanico, flexible y seguro para firmar, gestionar y almacenar acuerdos electr\u00f3nicamente, con integraci\u00f3n y eficiencia, desde cualquier lugar. VER SOLUCI\u00d3N Digitaliza el ciclo completo de acuerdos con captura inteligente de datos, autenticaci\u00f3n de firmantes, respaldo legal, distribuci\u00f3n automatizada y soporte continuo. VER SOLUCI\u00d3N","og_url":"https:\/\/gruponovandi.com\/pe\/soluciones\/","og_site_name":"Novandi","article_modified_time":"2025-10-24T05:27:17+00:00","og_image":[{"url":"https:\/\/gruponovandi.com\/pe\/wp-content\/uploads\/2025\/09\/hubsignia-1.png"}],"twitter_card":"summary_large_image","twitter_misc":{"Tiempo de lectura":"1 minuto"},"schema":{"@context":"https:\/\/schema.org","@graph":[{"@type":"WebPage","@id":"https:\/\/gruponovandi.com\/pe\/soluciones\/","url":"https:\/\/gruponovandi.com\/pe\/soluciones\/","name":"Soluciones - Novandi","isPartOf":{"@id":"https:\/\/gruponovandi.com\/pe\/#website"},"primaryImageOfPage":{"@id":"https:\/\/gruponovandi.com\/pe\/soluciones\/#primaryimage"},"image":{"@id":"https:\/\/gruponovandi.com\/pe\/soluciones\/#primaryimage"},"thumbnailUrl":"https:\/\/gruponovandi.com\/pe\/wp-content\/uploads\/2025\/09\/hubsignia-1.png","datePublished":"2023-09-05T18:14:31+00:00","dateModified":"2025-10-24T05:27:17+00:00","breadcrumb":{"@id":"https:\/\/gruponovandi.com\/pe\/soluciones\/#breadcrumb"},"inLanguage":"es-MX","potentialAction":[{"@type":"ReadAction","target":["https:\/\/gruponovandi.com\/pe\/soluciones\/"]}]},{"@type":"ImageObject","inLanguage":"es-MX","@id":"https:\/\/gruponovandi.com\/pe\/soluciones\/#primaryimage","url":"https:\/\/gruponovandi.com\/pe\/wp-content\/uploads\/2025\/09\/hubsignia-1.png","contentUrl":"https:\/\/gruponovandi.com\/pe\/wp-content\/uploads\/2025\/09\/hubsignia-1.png","width":1875,"height":588},{"@type":"BreadcrumbList","@id":"https:\/\/gruponovandi.com\/pe\/soluciones\/#breadcrumb","itemListElement":[{"@type":"ListItem","position":1,"name":"Inicio","item":"https:\/\/gruponovandi.com\/pe\/"},{"@type":"ListItem","position":2,"name":"Soluciones"}]},{"@type":"WebSite","@id":"https:\/\/gruponovandi.com\/pe\/#website","url":"https:\/\/gruponovandi.com\/pe\/","name":"Grupo Novandi","description":"Grandes soluciones tecnol\u00f3gicas para la transformaci\u00f3n digital.","publisher":{"@id":"https:\/\/gruponovandi.com\/pe\/#organization"},"potentialAction":[{"@type":"SearchAction","target":{"@type":"EntryPoint","urlTemplate":"https:\/\/gruponovandi.com\/pe\/?s={search_term_string}"},"query-input":"required name=search_term_string"}],"inLanguage":"es-MX"},{"@type":"Organization","@id":"https:\/\/gruponovandi.com\/pe\/#organization","name":"Novandi","alternateName":"Novandi","url":"https:\/\/gruponovandi.com\/pe\/","logo":{"@type":"ImageObject","inLanguage":"es-MX","@id":"https:\/\/gruponovandi.com\/pe\/#\/schema\/logo\/image\/","url":"https:\/\/gruponovandi.com\/pe\/wp-content\/uploads\/2023\/09\/novandi-logo.png","contentUrl":"https:\/\/gruponovandi.com\/pe\/wp-content\/uploads\/2023\/09\/novandi-logo.png","width":500,"height":190,"caption":"Novandi"},"image":{"@id":"https:\/\/gruponovandi.com\/pe\/#\/schema\/logo\/image\/"}}]}},"_links":{"self":[{"href":"https:\/\/gruponovandi.com\/pe\/wp-json\/wp\/v2\/pages\/64"}],"collection":[{"href":"https:\/\/gruponovandi.com\/pe\/wp-json\/wp\/v2\/pages"}],"about":[{"href":"https:\/\/gruponovandi.com\/pe\/wp-json\/wp\/v2\/types\/page"}],"author":[{"embeddable":true,"href":"https:\/\/gruponovandi.com\/pe\/wp-json\/wp\/v2\/users\/1"}],"replies":[{"embeddable":true,"href":"https:\/\/gruponovandi.com\/pe\/wp-json\/wp\/v2\/comments?post=64"}],"version-history":[{"count":304,"href":"https:\/\/gruponovandi.com\/pe\/wp-json\/wp\/v2\/pages\/64\/revisions"}],"predecessor-version":[{"id":9292,"href":"https:\/\/gruponovandi.com\/pe\/wp-json\/wp\/v2\/pages\/64\/revisions\/9292"}],"wp:attachment":[{"href":"https:\/\/gruponovandi.com\/pe\/wp-json\/wp\/v2\/media?parent=64"}],"curies":[{"name":"wp","href":"https:\/\/api.w.org\/{rel}","templated":true}]}}